{"id":9953,"date":"2023-05-12T15:48:51","date_gmt":"2023-05-12T20:48:51","guid":{"rendered":"https:\/\/fundacionsirenaica.org\/home\/?post_type=product&#038;p=9953"},"modified":"2024-07-11T19:48:52","modified_gmt":"2024-07-12T00:48:52","slug":"camisa-guitarra","status":"publish","type":"product","link":"https:\/\/fundacionsirenaica.org\/home\/producto\/camisa-guitarra\/","title":{"rendered":"Camiseta Camiseta b\u00e1sica para Mujer con dise\u00f1o de Guitarra"},"content":{"rendered":"<p><span data-sheets-root=\"1\" data-sheets-value=\"{&quot;1&quot;:2,&quot;2&quot;:&quot;Camiseta 100 % algod\u00f3n con un encantador dise\u00f1o de guitarra y flores en la parte delantera. Con manga corta y cuello redondo, es ideal para cualquier d\u00eda de la semana.&quot;}\" data-sheets-userformat=\"{&quot;2&quot;:769,&quot;3&quot;:{&quot;1&quot;:0},&quot;11&quot;:4,&quot;12&quot;:0}\">Camiseta 100 % algod\u00f3n con un encantador dise\u00f1o de guitarra y flores en la parte delantera. Con manga corta y cuello redondo, es ideal para cualquier d\u00eda de la semana.<\/span><\/p>\n<p>Disponible en divertidas tonalidades.<\/p>\n","protected":false},"excerpt":{"rendered":"<p>Manga: Corta<br \/>\nLargo:\u00a0 Cadera<br \/>\nCuello:\u00a0 Redondo<br \/>\nTela: 100% Algod\u00f3n<br \/>\nTallas: 14 &#8211; S &#8211; M &#8211; L &#8211; XL<\/p>\n","protected":false},"featured_media":9854,"comment_status":"open","ping_status":"closed","template":"","meta":[],"product_brand":[],"product_cat":[127,45],"product_tag":[],"class_list":{"0":"post-9953","1":"product","2":"type-product","3":"status-publish","4":"has-post-thumbnail","6":"product_cat-camisas","7":"product_cat-ropa","9":"first","10":"instock","11":"shipping-taxable","12":"purchasable","13":"product-type-variable","14":"has-default-attributes"},"yoast_head":"<!-- This site is optimized with the Yoast SEO plugin v27.3 - https:\/\/yoast.com\/product\/yoast-seo-wordpress\/ -->\n<title>Camiseta de Algod\u00f3n con Dise\u00f1o de Guitarra y Flores - Sirenaica<\/title>\n<meta name=\"description\" content=\"Camiseta de Algod\u00f3n con Dise\u00f1o de Guitarra y Flores \ua565 Suave, Ligera y Vers\u00e1til \ua565 Ideal para cualquier Ocasi\u00f3n \u00a1Compra ahora y A\u00f1ade Estilo a tu Guardarropa!\" \/>\n<meta name=\"robots\" content=\"index, follow, max-snippet:-1, max-image-preview:large, max-video-preview:-1\" \/>\n<link rel=\"canonical\" href=\"https:\/\/fundacionsirenaica.org\/home\/producto\/camisa-guitarra\/\" \/>\n<meta property=\"og:locale\" content=\"es_ES\" \/>\n<meta property=\"og:type\" content=\"article\" \/>\n<meta property=\"og:title\" content=\"Camiseta de Algod\u00f3n con Dise\u00f1o de Guitarra y Flores - Sirenaica\" \/>\n<meta property=\"og:description\" content=\"Camiseta de Algod\u00f3n con Dise\u00f1o de Guitarra y Flores \ua565 Suave, Ligera y Vers\u00e1til \ua565 Ideal para cualquier Ocasi\u00f3n \u00a1Compra ahora y A\u00f1ade Estilo a tu Guardarropa!\" \/>\n<meta property=\"og:url\" content=\"https:\/\/fundacionsirenaica.org\/home\/producto\/camisa-guitarra\/\" \/>\n<meta property=\"og:site_name\" content=\"Fundaci\u00f3n Sirenaica\" \/>\n<meta property=\"article:modified_time\" content=\"2024-07-12T00:48:52+00:00\" \/>\n<meta property=\"og:image\" content=\"https:\/\/fundacionsirenaica.org\/home\/wp-content\/uploads\/2023\/05\/12.jpg\" \/>\n\t<meta property=\"og:image:width\" content=\"1080\" \/>\n\t<meta property=\"og:image:height\" content=\"1080\" \/>\n\t<meta property=\"og:image:type\" content=\"image\/jpeg\" \/>\n<meta name=\"twitter:card\" content=\"summary_large_image\" \/>\n<meta name=\"twitter:label1\" content=\"Tiempo de lectura\" \/>\n\t<meta name=\"twitter:data1\" content=\"1 minuto\" \/>\n<script type=\"application\/ld+json\" class=\"yoast-schema-graph\">{\"@context\":\"https:\\\/\\\/schema.org\",\"@graph\":[{\"@type\":\"WebPage\",\"@id\":\"https:\\\/\\\/fundacionsirenaica.org\\\/home\\\/producto\\\/camisa-guitarra\\\/\",\"url\":\"https:\\\/\\\/fundacionsirenaica.org\\\/home\\\/producto\\\/camisa-guitarra\\\/\",\"name\":\"Camiseta de Algod\u00f3n con Dise\u00f1o de Guitarra y Flores - Sirenaica\",\"isPartOf\":{\"@id\":\"https:\\\/\\\/fundacionsirenaica.org\\\/home\\\/#website\"},\"primaryImageOfPage\":{\"@id\":\"https:\\\/\\\/fundacionsirenaica.org\\\/home\\\/producto\\\/camisa-guitarra\\\/#primaryimage\"},\"image\":{\"@id\":\"https:\\\/\\\/fundacionsirenaica.org\\\/home\\\/producto\\\/camisa-guitarra\\\/#primaryimage\"},\"thumbnailUrl\":\"https:\\\/\\\/fundacionsirenaica.org\\\/home\\\/wp-content\\\/uploads\\\/2023\\\/05\\\/12.jpg\",\"datePublished\":\"2023-05-12T20:48:51+00:00\",\"dateModified\":\"2024-07-12T00:48:52+00:00\",\"description\":\"Camiseta de Algod\u00f3n con Dise\u00f1o de Guitarra y Flores \ua565 Suave, Ligera y Vers\u00e1til \ua565 Ideal para cualquier Ocasi\u00f3n \u00a1Compra ahora y A\u00f1ade Estilo a tu Guardarropa!\",\"breadcrumb\":{\"@id\":\"https:\\\/\\\/fundacionsirenaica.org\\\/home\\\/producto\\\/camisa-guitarra\\\/#breadcrumb\"},\"inLanguage\":\"es\",\"potentialAction\":[{\"@type\":\"ReadAction\",\"target\":[\"https:\\\/\\\/fundacionsirenaica.org\\\/home\\\/producto\\\/camisa-guitarra\\\/\"]}]},{\"@type\":\"ImageObject\",\"inLanguage\":\"es\",\"@id\":\"https:\\\/\\\/fundacionsirenaica.org\\\/home\\\/producto\\\/camisa-guitarra\\\/#primaryimage\",\"url\":\"https:\\\/\\\/fundacionsirenaica.org\\\/home\\\/wp-content\\\/uploads\\\/2023\\\/05\\\/12.jpg\",\"contentUrl\":\"https:\\\/\\\/fundacionsirenaica.org\\\/home\\\/wp-content\\\/uploads\\\/2023\\\/05\\\/12.jpg\",\"width\":1080,\"height\":1080},{\"@type\":\"BreadcrumbList\",\"@id\":\"https:\\\/\\\/fundacionsirenaica.org\\\/home\\\/producto\\\/camisa-guitarra\\\/#breadcrumb\",\"itemListElement\":[{\"@type\":\"ListItem\",\"position\":1,\"name\":\"Portada\",\"item\":\"https:\\\/\\\/fundacionsirenaica.org\\\/home\\\/\"},{\"@type\":\"ListItem\",\"position\":2,\"name\":\"Tienda\",\"item\":\"https:\\\/\\\/fundacionsirenaica.org\\\/home\\\/tienda\\\/\"},{\"@type\":\"ListItem\",\"position\":3,\"name\":\"Camiseta Camiseta b\u00e1sica para Mujer con dise\u00f1o de Guitarra\"}]},{\"@type\":\"WebSite\",\"@id\":\"https:\\\/\\\/fundacionsirenaica.org\\\/home\\\/#website\",\"url\":\"https:\\\/\\\/fundacionsirenaica.org\\\/home\\\/\",\"name\":\"Fundaci\u00f3n Sirenaica\",\"description\":\"\",\"publisher\":{\"@id\":\"https:\\\/\\\/fundacionsirenaica.org\\\/home\\\/#organization\"},\"potentialAction\":[{\"@type\":\"SearchAction\",\"target\":{\"@type\":\"EntryPoint\",\"urlTemplate\":\"https:\\\/\\\/fundacionsirenaica.org\\\/home\\\/?s={search_term_string}\"},\"query-input\":{\"@type\":\"PropertyValueSpecification\",\"valueRequired\":true,\"valueName\":\"search_term_string\"}}],\"inLanguage\":\"es\"},{\"@type\":\"Organization\",\"@id\":\"https:\\\/\\\/fundacionsirenaica.org\\\/home\\\/#organization\",\"name\":\"Fundaci\u00f3n Sirenaica\",\"url\":\"https:\\\/\\\/fundacionsirenaica.org\\\/home\\\/\",\"logo\":{\"@type\":\"ImageObject\",\"inLanguage\":\"es\",\"@id\":\"https:\\\/\\\/fundacionsirenaica.org\\\/home\\\/#\\\/schema\\\/logo\\\/image\\\/\",\"url\":\"https:\\\/\\\/fundacionsirenaica.org\\\/home\\\/wp-content\\\/uploads\\\/2024\\\/08\\\/Logo-Sireniaca-Nuevo.webp\",\"contentUrl\":\"https:\\\/\\\/fundacionsirenaica.org\\\/home\\\/wp-content\\\/uploads\\\/2024\\\/08\\\/Logo-Sireniaca-Nuevo.webp\",\"width\":800,\"height\":309,\"caption\":\"Fundaci\u00f3n Sirenaica\"},\"image\":{\"@id\":\"https:\\\/\\\/fundacionsirenaica.org\\\/home\\\/#\\\/schema\\\/logo\\\/image\\\/\"}}]}<\/script>\n<!-- \/ Yoast SEO plugin. -->","yoast_head_json":{"title":"Camiseta de Algod\u00f3n con Dise\u00f1o de Guitarra y Flores - Sirenaica","description":"Camiseta de Algod\u00f3n con Dise\u00f1o de Guitarra y Flores \ua565 Suave, Ligera y Vers\u00e1til \ua565 Ideal para cualquier Ocasi\u00f3n \u00a1Compra ahora y A\u00f1ade Estilo a tu Guardarropa!","robots":{"index":"index","follow":"follow","max-snippet":"max-snippet:-1","max-image-preview":"max-image-preview:large","max-video-preview":"max-video-preview:-1"},"canonical":"https:\/\/fundacionsirenaica.org\/home\/producto\/camisa-guitarra\/","og_locale":"es_ES","og_type":"article","og_title":"Camiseta de Algod\u00f3n con Dise\u00f1o de Guitarra y Flores - Sirenaica","og_description":"Camiseta de Algod\u00f3n con Dise\u00f1o de Guitarra y Flores \ua565 Suave, Ligera y Vers\u00e1til \ua565 Ideal para cualquier Ocasi\u00f3n \u00a1Compra ahora y A\u00f1ade Estilo a tu Guardarropa!","og_url":"https:\/\/fundacionsirenaica.org\/home\/producto\/camisa-guitarra\/","og_site_name":"Fundaci\u00f3n Sirenaica","article_modified_time":"2024-07-12T00:48:52+00:00","og_image":[{"width":1080,"height":1080,"url":"https:\/\/fundacionsirenaica.org\/home\/wp-content\/uploads\/2023\/05\/12.jpg","type":"image\/jpeg"}],"twitter_card":"summary_large_image","twitter_misc":{"Tiempo de lectura":"1 minuto"},"schema":{"@context":"https:\/\/schema.org","@graph":[{"@type":"WebPage","@id":"https:\/\/fundacionsirenaica.org\/home\/producto\/camisa-guitarra\/","url":"https:\/\/fundacionsirenaica.org\/home\/producto\/camisa-guitarra\/","name":"Camiseta de Algod\u00f3n con Dise\u00f1o de Guitarra y Flores - Sirenaica","isPartOf":{"@id":"https:\/\/fundacionsirenaica.org\/home\/#website"},"primaryImageOfPage":{"@id":"https:\/\/fundacionsirenaica.org\/home\/producto\/camisa-guitarra\/#primaryimage"},"image":{"@id":"https:\/\/fundacionsirenaica.org\/home\/producto\/camisa-guitarra\/#primaryimage"},"thumbnailUrl":"https:\/\/fundacionsirenaica.org\/home\/wp-content\/uploads\/2023\/05\/12.jpg","datePublished":"2023-05-12T20:48:51+00:00","dateModified":"2024-07-12T00:48:52+00:00","description":"Camiseta de Algod\u00f3n con Dise\u00f1o de Guitarra y Flores \ua565 Suave, Ligera y Vers\u00e1til \ua565 Ideal para cualquier Ocasi\u00f3n \u00a1Compra ahora y A\u00f1ade Estilo a tu Guardarropa!","breadcrumb":{"@id":"https:\/\/fundacionsirenaica.org\/home\/producto\/camisa-guitarra\/#breadcrumb"},"inLanguage":"es","potentialAction":[{"@type":"ReadAction","target":["https:\/\/fundacionsirenaica.org\/home\/producto\/camisa-guitarra\/"]}]},{"@type":"ImageObject","inLanguage":"es","@id":"https:\/\/fundacionsirenaica.org\/home\/producto\/camisa-guitarra\/#primaryimage","url":"https:\/\/fundacionsirenaica.org\/home\/wp-content\/uploads\/2023\/05\/12.jpg","contentUrl":"https:\/\/fundacionsirenaica.org\/home\/wp-content\/uploads\/2023\/05\/12.jpg","width":1080,"height":1080},{"@type":"BreadcrumbList","@id":"https:\/\/fundacionsirenaica.org\/home\/producto\/camisa-guitarra\/#breadcrumb","itemListElement":[{"@type":"ListItem","position":1,"name":"Portada","item":"https:\/\/fundacionsirenaica.org\/home\/"},{"@type":"ListItem","position":2,"name":"Tienda","item":"https:\/\/fundacionsirenaica.org\/home\/tienda\/"},{"@type":"ListItem","position":3,"name":"Camiseta Camiseta b\u00e1sica para Mujer con dise\u00f1o de Guitarra"}]},{"@type":"WebSite","@id":"https:\/\/fundacionsirenaica.org\/home\/#website","url":"https:\/\/fundacionsirenaica.org\/home\/","name":"Fundaci\u00f3n Sirenaica","description":"","publisher":{"@id":"https:\/\/fundacionsirenaica.org\/home\/#organization"},"potentialAction":[{"@type":"SearchAction","target":{"@type":"EntryPoint","urlTemplate":"https:\/\/fundacionsirenaica.org\/home\/?s={search_term_string}"},"query-input":{"@type":"PropertyValueSpecification","valueRequired":true,"valueName":"search_term_string"}}],"inLanguage":"es"},{"@type":"Organization","@id":"https:\/\/fundacionsirenaica.org\/home\/#organization","name":"Fundaci\u00f3n Sirenaica","url":"https:\/\/fundacionsirenaica.org\/home\/","logo":{"@type":"ImageObject","inLanguage":"es","@id":"https:\/\/fundacionsirenaica.org\/home\/#\/schema\/logo\/image\/","url":"https:\/\/fundacionsirenaica.org\/home\/wp-content\/uploads\/2024\/08\/Logo-Sireniaca-Nuevo.webp","contentUrl":"https:\/\/fundacionsirenaica.org\/home\/wp-content\/uploads\/2024\/08\/Logo-Sireniaca-Nuevo.webp","width":800,"height":309,"caption":"Fundaci\u00f3n Sirenaica"},"image":{"@id":"https:\/\/fundacionsirenaica.org\/home\/#\/schema\/logo\/image\/"}}]}},"_links":{"self":[{"href":"https:\/\/fundacionsirenaica.org\/home\/wp-json\/wp\/v2\/product\/9953","targetHints":{"allow":["GET"]}}],"collection":[{"href":"https:\/\/fundacionsirenaica.org\/home\/wp-json\/wp\/v2\/product"}],"about":[{"href":"https:\/\/fundacionsirenaica.org\/home\/wp-json\/wp\/v2\/types\/product"}],"replies":[{"embeddable":true,"href":"https:\/\/fundacionsirenaica.org\/home\/wp-json\/wp\/v2\/comments?post=9953"}],"wp:featuredmedia":[{"embeddable":true,"href":"https:\/\/fundacionsirenaica.org\/home\/wp-json\/wp\/v2\/media\/9854"}],"wp:attachment":[{"href":"https:\/\/fundacionsirenaica.org\/home\/wp-json\/wp\/v2\/media?parent=9953"}],"wp:term":[{"taxonomy":"product_brand","embeddable":true,"href":"https:\/\/fundacionsirenaica.org\/home\/wp-json\/wp\/v2\/product_brand?post=9953"},{"taxonomy":"product_cat","embeddable":true,"href":"https:\/\/fundacionsirenaica.org\/home\/wp-json\/wp\/v2\/product_cat?post=9953"},{"taxonomy":"product_tag","embeddable":true,"href":"https:\/\/fundacionsirenaica.org\/home\/wp-json\/wp\/v2\/product_tag?post=9953"}],"curies":[{"name":"wp","href":"https:\/\/api.w.org\/{rel}","templated":true}]}}