{"id":9869,"date":"2023-05-12T15:20:21","date_gmt":"2023-05-12T20:20:21","guid":{"rendered":"https:\/\/fundacionsirenaica.org\/home\/?post_type=product&#038;p=9869"},"modified":"2024-06-25T22:36:52","modified_gmt":"2024-06-26T03:36:52","slug":"chompa-crearte","status":"publish","type":"product","link":"https:\/\/fundacionsirenaica.org\/home\/producto\/chompa-crearte\/","title":{"rendered":"Chompa para mujer con estampado de Avion de Papel"},"content":{"rendered":"<p><span data-sheets-root=\"1\" data-sheets-value=\"{&quot;1&quot;:2,&quot;2&quot;:&quot;Confeccionada en materiales de alta calidad 100 % en algodon, esta chompa presenta un elegante estampado de un personaje volando en un avion de papel. Perfecta para un look sofisticado y moderno.&quot;}\" data-sheets-userformat=\"{&quot;2&quot;:769,&quot;3&quot;:{&quot;1&quot;:0},&quot;11&quot;:4,&quot;12&quot;:0}\">Este hermoso Buzo con Chompa ideal para adolescentes y mujeres adultas, est\u00e1 confeccionada en materiales de alta calidad 100 % en algod\u00f3n, presenta un colorido estampado de un personaje volando en un avi\u00f3n de papel. Perfecta para un look deportivo y actual.<\/span><\/p>\n","protected":false},"excerpt":{"rendered":"<p>Manga: Larga<br \/>\nTela: 100% Algod\u00f3n<br \/>\nTallas: S &#8211; M &#8211; L &#8211; XL<br \/>\nColores: Amarillo, Rosa, Lila y Negro<br \/>\nModo de lavado: Lavar a mano, secar en seco y no planchar.<\/p>\n","protected":false},"featured_media":9851,"comment_status":"open","ping_status":"closed","template":"","meta":[],"product_brand":[],"product_cat":[124,45],"product_tag":[152,156,151],"class_list":{"0":"post-9869","1":"product","2":"type-product","3":"status-publish","4":"has-post-thumbnail","6":"product_cat-chompas","7":"product_cat-ropa","8":"product_tag-algodon","9":"product_tag-chompa","10":"product_tag-mujer","12":"first","13":"instock","14":"shipping-taxable","15":"purchasable","16":"product-type-variable"},"yoast_head":"<!-- This site is optimized with the Yoast SEO plugin v27.3 - https:\/\/yoast.com\/product\/yoast-seo-wordpress\/ -->\n<title>Chompa Para Mujer Estampada | Sirenaica<\/title>\n<meta name=\"description\" content=\"\u00a1V\u00edstete a la Moda! Ll\u00e9vate este LINDO Buzo con Chompa para Dama \u2740 Muy Confortable Varios Colores \u2740 100 % algod\u00f3n \u00a1Compra Ya!\" \/>\n<meta name=\"robots\" content=\"index, follow, max-snippet:-1, max-image-preview:large, max-video-preview:-1\" \/>\n<link rel=\"canonical\" href=\"https:\/\/fundacionsirenaica.org\/home\/producto\/chompa-crearte\/\" \/>\n<meta property=\"og:locale\" content=\"es_ES\" \/>\n<meta property=\"og:type\" content=\"article\" \/>\n<meta property=\"og:title\" content=\"Chompa Para Mujer Estampada | Sirenaica\" \/>\n<meta property=\"og:description\" content=\"\u00a1V\u00edstete a la Moda! Ll\u00e9vate este LINDO Buzo con Chompa para Dama \u2740 Muy Confortable Varios Colores \u2740 100 % algod\u00f3n \u00a1Compra Ya!\" \/>\n<meta property=\"og:url\" content=\"https:\/\/fundacionsirenaica.org\/home\/producto\/chompa-crearte\/\" \/>\n<meta property=\"og:site_name\" content=\"Fundaci\u00f3n Sirenaica\" \/>\n<meta property=\"article:modified_time\" content=\"2024-06-26T03:36:52+00:00\" \/>\n<meta property=\"og:image\" content=\"https:\/\/fundacionsirenaica.org\/home\/wp-content\/uploads\/2023\/05\/9.jpg\" \/>\n\t<meta property=\"og:image:width\" content=\"1080\" \/>\n\t<meta property=\"og:image:height\" content=\"1080\" \/>\n\t<meta property=\"og:image:type\" content=\"image\/jpeg\" \/>\n<meta name=\"twitter:card\" content=\"summary_large_image\" \/>\n<meta name=\"twitter:label1\" content=\"Tiempo de lectura\" \/>\n\t<meta name=\"twitter:data1\" content=\"1 minuto\" \/>\n<script type=\"application\/ld+json\" class=\"yoast-schema-graph\">{\"@context\":\"https:\\\/\\\/schema.org\",\"@graph\":[{\"@type\":\"WebPage\",\"@id\":\"https:\\\/\\\/fundacionsirenaica.org\\\/home\\\/producto\\\/chompa-crearte\\\/\",\"url\":\"https:\\\/\\\/fundacionsirenaica.org\\\/home\\\/producto\\\/chompa-crearte\\\/\",\"name\":\"Chompa Para Mujer Estampada | Sirenaica\",\"isPartOf\":{\"@id\":\"https:\\\/\\\/fundacionsirenaica.org\\\/home\\\/#website\"},\"primaryImageOfPage\":{\"@id\":\"https:\\\/\\\/fundacionsirenaica.org\\\/home\\\/producto\\\/chompa-crearte\\\/#primaryimage\"},\"image\":{\"@id\":\"https:\\\/\\\/fundacionsirenaica.org\\\/home\\\/producto\\\/chompa-crearte\\\/#primaryimage\"},\"thumbnailUrl\":\"https:\\\/\\\/fundacionsirenaica.org\\\/home\\\/wp-content\\\/uploads\\\/2023\\\/05\\\/9.jpg\",\"datePublished\":\"2023-05-12T20:20:21+00:00\",\"dateModified\":\"2024-06-26T03:36:52+00:00\",\"description\":\"\u00a1V\u00edstete a la Moda! Ll\u00e9vate este LINDO Buzo con Chompa para Dama \u2740 Muy Confortable Varios Colores \u2740 100 % algod\u00f3n \u00a1Compra Ya!\",\"breadcrumb\":{\"@id\":\"https:\\\/\\\/fundacionsirenaica.org\\\/home\\\/producto\\\/chompa-crearte\\\/#breadcrumb\"},\"inLanguage\":\"es\",\"potentialAction\":[{\"@type\":\"ReadAction\",\"target\":[\"https:\\\/\\\/fundacionsirenaica.org\\\/home\\\/producto\\\/chompa-crearte\\\/\"]}]},{\"@type\":\"ImageObject\",\"inLanguage\":\"es\",\"@id\":\"https:\\\/\\\/fundacionsirenaica.org\\\/home\\\/producto\\\/chompa-crearte\\\/#primaryimage\",\"url\":\"https:\\\/\\\/fundacionsirenaica.org\\\/home\\\/wp-content\\\/uploads\\\/2023\\\/05\\\/9.jpg\",\"contentUrl\":\"https:\\\/\\\/fundacionsirenaica.org\\\/home\\\/wp-content\\\/uploads\\\/2023\\\/05\\\/9.jpg\",\"width\":1080,\"height\":1080},{\"@type\":\"BreadcrumbList\",\"@id\":\"https:\\\/\\\/fundacionsirenaica.org\\\/home\\\/producto\\\/chompa-crearte\\\/#breadcrumb\",\"itemListElement\":[{\"@type\":\"ListItem\",\"position\":1,\"name\":\"Portada\",\"item\":\"https:\\\/\\\/fundacionsirenaica.org\\\/home\\\/\"},{\"@type\":\"ListItem\",\"position\":2,\"name\":\"Tienda\",\"item\":\"https:\\\/\\\/fundacionsirenaica.org\\\/home\\\/tienda\\\/\"},{\"@type\":\"ListItem\",\"position\":3,\"name\":\"Chompa para mujer con estampado de Avion de Papel\"}]},{\"@type\":\"WebSite\",\"@id\":\"https:\\\/\\\/fundacionsirenaica.org\\\/home\\\/#website\",\"url\":\"https:\\\/\\\/fundacionsirenaica.org\\\/home\\\/\",\"name\":\"Fundaci\u00f3n Sirenaica\",\"description\":\"\",\"publisher\":{\"@id\":\"https:\\\/\\\/fundacionsirenaica.org\\\/home\\\/#organization\"},\"potentialAction\":[{\"@type\":\"SearchAction\",\"target\":{\"@type\":\"EntryPoint\",\"urlTemplate\":\"https:\\\/\\\/fundacionsirenaica.org\\\/home\\\/?s={search_term_string}\"},\"query-input\":{\"@type\":\"PropertyValueSpecification\",\"valueRequired\":true,\"valueName\":\"search_term_string\"}}],\"inLanguage\":\"es\"},{\"@type\":\"Organization\",\"@id\":\"https:\\\/\\\/fundacionsirenaica.org\\\/home\\\/#organization\",\"name\":\"Fundaci\u00f3n Sirenaica\",\"url\":\"https:\\\/\\\/fundacionsirenaica.org\\\/home\\\/\",\"logo\":{\"@type\":\"ImageObject\",\"inLanguage\":\"es\",\"@id\":\"https:\\\/\\\/fundacionsirenaica.org\\\/home\\\/#\\\/schema\\\/logo\\\/image\\\/\",\"url\":\"https:\\\/\\\/fundacionsirenaica.org\\\/home\\\/wp-content\\\/uploads\\\/2024\\\/08\\\/Logo-Sireniaca-Nuevo.webp\",\"contentUrl\":\"https:\\\/\\\/fundacionsirenaica.org\\\/home\\\/wp-content\\\/uploads\\\/2024\\\/08\\\/Logo-Sireniaca-Nuevo.webp\",\"width\":800,\"height\":309,\"caption\":\"Fundaci\u00f3n Sirenaica\"},\"image\":{\"@id\":\"https:\\\/\\\/fundacionsirenaica.org\\\/home\\\/#\\\/schema\\\/logo\\\/image\\\/\"}}]}<\/script>\n<!-- \/ Yoast SEO plugin. -->","yoast_head_json":{"title":"Chompa Para Mujer Estampada | Sirenaica","description":"\u00a1V\u00edstete a la Moda! Ll\u00e9vate este LINDO Buzo con Chompa para Dama \u2740 Muy Confortable Varios Colores \u2740 100 % algod\u00f3n \u00a1Compra Ya!","robots":{"index":"index","follow":"follow","max-snippet":"max-snippet:-1","max-image-preview":"max-image-preview:large","max-video-preview":"max-video-preview:-1"},"canonical":"https:\/\/fundacionsirenaica.org\/home\/producto\/chompa-crearte\/","og_locale":"es_ES","og_type":"article","og_title":"Chompa Para Mujer Estampada | Sirenaica","og_description":"\u00a1V\u00edstete a la Moda! Ll\u00e9vate este LINDO Buzo con Chompa para Dama \u2740 Muy Confortable Varios Colores \u2740 100 % algod\u00f3n \u00a1Compra Ya!","og_url":"https:\/\/fundacionsirenaica.org\/home\/producto\/chompa-crearte\/","og_site_name":"Fundaci\u00f3n Sirenaica","article_modified_time":"2024-06-26T03:36:52+00:00","og_image":[{"width":1080,"height":1080,"url":"https:\/\/fundacionsirenaica.org\/home\/wp-content\/uploads\/2023\/05\/9.jpg","type":"image\/jpeg"}],"twitter_card":"summary_large_image","twitter_misc":{"Tiempo de lectura":"1 minuto"},"schema":{"@context":"https:\/\/schema.org","@graph":[{"@type":"WebPage","@id":"https:\/\/fundacionsirenaica.org\/home\/producto\/chompa-crearte\/","url":"https:\/\/fundacionsirenaica.org\/home\/producto\/chompa-crearte\/","name":"Chompa Para Mujer Estampada | Sirenaica","isPartOf":{"@id":"https:\/\/fundacionsirenaica.org\/home\/#website"},"primaryImageOfPage":{"@id":"https:\/\/fundacionsirenaica.org\/home\/producto\/chompa-crearte\/#primaryimage"},"image":{"@id":"https:\/\/fundacionsirenaica.org\/home\/producto\/chompa-crearte\/#primaryimage"},"thumbnailUrl":"https:\/\/fundacionsirenaica.org\/home\/wp-content\/uploads\/2023\/05\/9.jpg","datePublished":"2023-05-12T20:20:21+00:00","dateModified":"2024-06-26T03:36:52+00:00","description":"\u00a1V\u00edstete a la Moda! Ll\u00e9vate este LINDO Buzo con Chompa para Dama \u2740 Muy Confortable Varios Colores \u2740 100 % algod\u00f3n \u00a1Compra Ya!","breadcrumb":{"@id":"https:\/\/fundacionsirenaica.org\/home\/producto\/chompa-crearte\/#breadcrumb"},"inLanguage":"es","potentialAction":[{"@type":"ReadAction","target":["https:\/\/fundacionsirenaica.org\/home\/producto\/chompa-crearte\/"]}]},{"@type":"ImageObject","inLanguage":"es","@id":"https:\/\/fundacionsirenaica.org\/home\/producto\/chompa-crearte\/#primaryimage","url":"https:\/\/fundacionsirenaica.org\/home\/wp-content\/uploads\/2023\/05\/9.jpg","contentUrl":"https:\/\/fundacionsirenaica.org\/home\/wp-content\/uploads\/2023\/05\/9.jpg","width":1080,"height":1080},{"@type":"BreadcrumbList","@id":"https:\/\/fundacionsirenaica.org\/home\/producto\/chompa-crearte\/#breadcrumb","itemListElement":[{"@type":"ListItem","position":1,"name":"Portada","item":"https:\/\/fundacionsirenaica.org\/home\/"},{"@type":"ListItem","position":2,"name":"Tienda","item":"https:\/\/fundacionsirenaica.org\/home\/tienda\/"},{"@type":"ListItem","position":3,"name":"Chompa para mujer con estampado de Avion de Papel"}]},{"@type":"WebSite","@id":"https:\/\/fundacionsirenaica.org\/home\/#website","url":"https:\/\/fundacionsirenaica.org\/home\/","name":"Fundaci\u00f3n Sirenaica","description":"","publisher":{"@id":"https:\/\/fundacionsirenaica.org\/home\/#organization"},"potentialAction":[{"@type":"SearchAction","target":{"@type":"EntryPoint","urlTemplate":"https:\/\/fundacionsirenaica.org\/home\/?s={search_term_string}"},"query-input":{"@type":"PropertyValueSpecification","valueRequired":true,"valueName":"search_term_string"}}],"inLanguage":"es"},{"@type":"Organization","@id":"https:\/\/fundacionsirenaica.org\/home\/#organization","name":"Fundaci\u00f3n Sirenaica","url":"https:\/\/fundacionsirenaica.org\/home\/","logo":{"@type":"ImageObject","inLanguage":"es","@id":"https:\/\/fundacionsirenaica.org\/home\/#\/schema\/logo\/image\/","url":"https:\/\/fundacionsirenaica.org\/home\/wp-content\/uploads\/2024\/08\/Logo-Sireniaca-Nuevo.webp","contentUrl":"https:\/\/fundacionsirenaica.org\/home\/wp-content\/uploads\/2024\/08\/Logo-Sireniaca-Nuevo.webp","width":800,"height":309,"caption":"Fundaci\u00f3n Sirenaica"},"image":{"@id":"https:\/\/fundacionsirenaica.org\/home\/#\/schema\/logo\/image\/"}}]}},"_links":{"self":[{"href":"https:\/\/fundacionsirenaica.org\/home\/wp-json\/wp\/v2\/product\/9869","targetHints":{"allow":["GET"]}}],"collection":[{"href":"https:\/\/fundacionsirenaica.org\/home\/wp-json\/wp\/v2\/product"}],"about":[{"href":"https:\/\/fundacionsirenaica.org\/home\/wp-json\/wp\/v2\/types\/product"}],"replies":[{"embeddable":true,"href":"https:\/\/fundacionsirenaica.org\/home\/wp-json\/wp\/v2\/comments?post=9869"}],"wp:featuredmedia":[{"embeddable":true,"href":"https:\/\/fundacionsirenaica.org\/home\/wp-json\/wp\/v2\/media\/9851"}],"wp:attachment":[{"href":"https:\/\/fundacionsirenaica.org\/home\/wp-json\/wp\/v2\/media?parent=9869"}],"wp:term":[{"taxonomy":"product_brand","embeddable":true,"href":"https:\/\/fundacionsirenaica.org\/home\/wp-json\/wp\/v2\/product_brand?post=9869"},{"taxonomy":"product_cat","embeddable":true,"href":"https:\/\/fundacionsirenaica.org\/home\/wp-json\/wp\/v2\/product_cat?post=9869"},{"taxonomy":"product_tag","embeddable":true,"href":"https:\/\/fundacionsirenaica.org\/home\/wp-json\/wp\/v2\/product_tag?post=9869"}],"curies":[{"name":"wp","href":"https:\/\/api.w.org\/{rel}","templated":true}]}}