{"id":9362,"date":"2022-08-24T19:46:03","date_gmt":"2022-08-25T00:46:03","guid":{"rendered":"https:\/\/fundacionsirenaica.org\/home\/?post_type=product&#038;p=9362"},"modified":"2024-05-27T22:21:04","modified_gmt":"2024-05-28T03:21:04","slug":"camisa-nube","status":"publish","type":"product","link":"https:\/\/fundacionsirenaica.org\/home\/producto\/camisa-nube\/","title":{"rendered":"Camiseta 100% algod\u00f3n con estampado de Nubes"},"content":{"rendered":"<p><span data-sheets-root=\"1\" data-sheets-value=\"{&quot;1&quot;:2,&quot;2&quot;:&quot;Camiseta con estampado frontal de nubes y lluvia de notas musicales, tejido 100 % algodon, de cuello redondo y manga corta.&quot;}\" data-sheets-userformat=\"{&quot;2&quot;:769,&quot;3&quot;:{&quot;1&quot;:0},&quot;11&quot;:4,&quot;12&quot;:0}\">Camiseta con estampado frontal de nubes y lluvia de notas musicales, tejido 100 % algod\u00f3n, de cuello redondo y manga corta.<\/span><\/p>\n<p><strong>Caracter\u00edsticas Destacadas:<\/strong><\/p>\n<ul>\n<li><strong>Dise\u00f1o \u00danico:<\/strong> La camiseta presenta un bonito estampado frontal de lluvia de notas musicales y la frase \u00abal mal tiempo buena m\u00fasica\u00bb, fusionando elementos de la naturaleza y la m\u00fasica en un solo dise\u00f1o.<\/li>\n<li><strong>Material de Alta Calidad:<\/strong> Hecha de algod\u00f3n puro, esta camiseta es c\u00f3moda y da una sensaci\u00f3n de frescura durante todo el d\u00eda, ideal para pieles sensibles.<\/li>\n<li><strong>Estilo Cl\u00e1sico y Vers\u00e1til:<\/strong> Con su cuello redondo y mangas cortas, ofrece un ajuste cl\u00e1sico que es f\u00e1cil de combinar con cualquier prenda, desde jeans hasta faldas.<\/li>\n<li><strong>Comodidad y Durabilidad:<\/strong> Dise\u00f1ada para el uso diario, esta camiseta mantiene su forma y color lavado tras lavado, asegurando una larga durabilidad.<\/li>\n<\/ul>\n<p>Es perfecta para quienes buscan una prenda que combine comodidad, estilo y un dise\u00f1o inspirador. Ya sea para un d\u00eda casual en la ciudad o una tarde relajada en casa, esta camiseta se convertir\u00e1 en tu favorita. \u00a1A\u00f1\u00e1dela a tu colecci\u00f3n y destaca con un estilo \u00fanico y creativo!<\/p>\n","protected":false},"excerpt":{"rendered":"<p>Camisa Nube Fundaci\u00f3n Sirenaica<\/p>\n<p><strong>Manga<\/strong>: Corta<br \/>\n<strong>Largo<\/strong>: Cadera<br \/>\n<strong>Cuello<\/strong>: Redondo<\/p>\n<p><strong>Colores<\/strong>: Azul Rey, Vino Tinto y Negro<\/p>\n<p><strong>Material<\/strong>: 100% Algod\u00f3n<\/p>\n<p><strong>Tallas<\/strong>: Kids:\u00a0 \u00a0 \u00a014<br \/>\nAdulto:\u00a0 S | M | L | XL<\/p>\n","protected":false},"featured_media":9373,"comment_status":"open","ping_status":"closed","template":"","meta":[],"product_brand":[],"product_cat":[45],"product_tag":[],"class_list":{"0":"post-9362","1":"product","2":"type-product","3":"status-publish","4":"has-post-thumbnail","6":"product_cat-ropa","8":"first","9":"instock","10":"shipping-taxable","11":"purchasable","12":"product-type-variable"},"yoast_head":"<!-- This site is optimized with the Yoast SEO plugin v27.3 - https:\/\/yoast.com\/product\/yoast-seo-wordpress\/ -->\n<title>Camiseta con Dise\u00f1o Musical Nubes - Sirenaica<\/title>\n<meta name=\"description\" content=\"Lleva tu \u2764 Amor por la M\u00fasica \u2764 con la Camiseta dise\u00f1o de lluvia de \ud834\udd60 Notas Musicales, fabricada en 100% algod\u00f3n. \u00a1C\u00f3mprala ahora!\" \/>\n<meta name=\"robots\" content=\"index, follow, max-snippet:-1, max-image-preview:large, max-video-preview:-1\" \/>\n<link rel=\"canonical\" href=\"https:\/\/fundacionsirenaica.org\/home\/producto\/camisa-nube\/\" \/>\n<meta property=\"og:locale\" content=\"es_ES\" \/>\n<meta property=\"og:type\" content=\"article\" \/>\n<meta property=\"og:title\" content=\"Camiseta con Dise\u00f1o Musical Nubes - Sirenaica\" \/>\n<meta property=\"og:description\" content=\"Lleva tu \u2764 Amor por la M\u00fasica \u2764 con la Camiseta dise\u00f1o de lluvia de \ud834\udd60 Notas Musicales, fabricada en 100% algod\u00f3n. \u00a1C\u00f3mprala ahora!\" \/>\n<meta property=\"og:url\" content=\"https:\/\/fundacionsirenaica.org\/home\/producto\/camisa-nube\/\" \/>\n<meta property=\"og:site_name\" content=\"Fundaci\u00f3n Sirenaica\" \/>\n<meta property=\"article:modified_time\" content=\"2024-05-28T03:21:04+00:00\" \/>\n<meta property=\"og:image\" content=\"https:\/\/fundacionsirenaica.org\/home\/wp-content\/uploads\/2022\/08\/Camisa-Nube.jpg\" \/>\n\t<meta property=\"og:image:width\" content=\"800\" \/>\n\t<meta property=\"og:image:height\" content=\"800\" \/>\n\t<meta property=\"og:image:type\" content=\"image\/jpeg\" \/>\n<meta name=\"twitter:card\" content=\"summary_large_image\" \/>\n<meta name=\"twitter:label1\" content=\"Tiempo de lectura\" \/>\n\t<meta name=\"twitter:data1\" content=\"1 minuto\" \/>\n<script type=\"application\/ld+json\" class=\"yoast-schema-graph\">{\"@context\":\"https:\\\/\\\/schema.org\",\"@graph\":[{\"@type\":\"WebPage\",\"@id\":\"https:\\\/\\\/fundacionsirenaica.org\\\/home\\\/producto\\\/camisa-nube\\\/\",\"url\":\"https:\\\/\\\/fundacionsirenaica.org\\\/home\\\/producto\\\/camisa-nube\\\/\",\"name\":\"Camiseta con Dise\u00f1o Musical Nubes - Sirenaica\",\"isPartOf\":{\"@id\":\"https:\\\/\\\/fundacionsirenaica.org\\\/home\\\/#website\"},\"primaryImageOfPage\":{\"@id\":\"https:\\\/\\\/fundacionsirenaica.org\\\/home\\\/producto\\\/camisa-nube\\\/#primaryimage\"},\"image\":{\"@id\":\"https:\\\/\\\/fundacionsirenaica.org\\\/home\\\/producto\\\/camisa-nube\\\/#primaryimage\"},\"thumbnailUrl\":\"https:\\\/\\\/fundacionsirenaica.org\\\/home\\\/wp-content\\\/uploads\\\/2022\\\/08\\\/Camisa-Nube.jpg\",\"datePublished\":\"2022-08-25T00:46:03+00:00\",\"dateModified\":\"2024-05-28T03:21:04+00:00\",\"description\":\"Lleva tu \u2764 Amor por la M\u00fasica \u2764 con la Camiseta dise\u00f1o de lluvia de \ud834\udd60 Notas Musicales, fabricada en 100% algod\u00f3n. \u00a1C\u00f3mprala ahora!\",\"breadcrumb\":{\"@id\":\"https:\\\/\\\/fundacionsirenaica.org\\\/home\\\/producto\\\/camisa-nube\\\/#breadcrumb\"},\"inLanguage\":\"es\",\"potentialAction\":[{\"@type\":\"ReadAction\",\"target\":[\"https:\\\/\\\/fundacionsirenaica.org\\\/home\\\/producto\\\/camisa-nube\\\/\"]}]},{\"@type\":\"ImageObject\",\"inLanguage\":\"es\",\"@id\":\"https:\\\/\\\/fundacionsirenaica.org\\\/home\\\/producto\\\/camisa-nube\\\/#primaryimage\",\"url\":\"https:\\\/\\\/fundacionsirenaica.org\\\/home\\\/wp-content\\\/uploads\\\/2022\\\/08\\\/Camisa-Nube.jpg\",\"contentUrl\":\"https:\\\/\\\/fundacionsirenaica.org\\\/home\\\/wp-content\\\/uploads\\\/2022\\\/08\\\/Camisa-Nube.jpg\",\"width\":800,\"height\":800},{\"@type\":\"BreadcrumbList\",\"@id\":\"https:\\\/\\\/fundacionsirenaica.org\\\/home\\\/producto\\\/camisa-nube\\\/#breadcrumb\",\"itemListElement\":[{\"@type\":\"ListItem\",\"position\":1,\"name\":\"Portada\",\"item\":\"https:\\\/\\\/fundacionsirenaica.org\\\/home\\\/\"},{\"@type\":\"ListItem\",\"position\":2,\"name\":\"Tienda\",\"item\":\"https:\\\/\\\/fundacionsirenaica.org\\\/home\\\/tienda\\\/\"},{\"@type\":\"ListItem\",\"position\":3,\"name\":\"Camiseta 100% algod\u00f3n con estampado de Nubes\"}]},{\"@type\":\"WebSite\",\"@id\":\"https:\\\/\\\/fundacionsirenaica.org\\\/home\\\/#website\",\"url\":\"https:\\\/\\\/fundacionsirenaica.org\\\/home\\\/\",\"name\":\"Fundaci\u00f3n Sirenaica\",\"description\":\"\",\"publisher\":{\"@id\":\"https:\\\/\\\/fundacionsirenaica.org\\\/home\\\/#organization\"},\"potentialAction\":[{\"@type\":\"SearchAction\",\"target\":{\"@type\":\"EntryPoint\",\"urlTemplate\":\"https:\\\/\\\/fundacionsirenaica.org\\\/home\\\/?s={search_term_string}\"},\"query-input\":{\"@type\":\"PropertyValueSpecification\",\"valueRequired\":true,\"valueName\":\"search_term_string\"}}],\"inLanguage\":\"es\"},{\"@type\":\"Organization\",\"@id\":\"https:\\\/\\\/fundacionsirenaica.org\\\/home\\\/#organization\",\"name\":\"Fundaci\u00f3n Sirenaica\",\"url\":\"https:\\\/\\\/fundacionsirenaica.org\\\/home\\\/\",\"logo\":{\"@type\":\"ImageObject\",\"inLanguage\":\"es\",\"@id\":\"https:\\\/\\\/fundacionsirenaica.org\\\/home\\\/#\\\/schema\\\/logo\\\/image\\\/\",\"url\":\"https:\\\/\\\/fundacionsirenaica.org\\\/home\\\/wp-content\\\/uploads\\\/2024\\\/08\\\/Logo-Sireniaca-Nuevo.webp\",\"contentUrl\":\"https:\\\/\\\/fundacionsirenaica.org\\\/home\\\/wp-content\\\/uploads\\\/2024\\\/08\\\/Logo-Sireniaca-Nuevo.webp\",\"width\":800,\"height\":309,\"caption\":\"Fundaci\u00f3n Sirenaica\"},\"image\":{\"@id\":\"https:\\\/\\\/fundacionsirenaica.org\\\/home\\\/#\\\/schema\\\/logo\\\/image\\\/\"}}]}<\/script>\n<!-- \/ Yoast SEO plugin. -->","yoast_head_json":{"title":"Camiseta con Dise\u00f1o Musical Nubes - Sirenaica","description":"Lleva tu \u2764 Amor por la M\u00fasica \u2764 con la Camiseta dise\u00f1o de lluvia de \ud834\udd60 Notas Musicales, fabricada en 100% algod\u00f3n. \u00a1C\u00f3mprala ahora!","robots":{"index":"index","follow":"follow","max-snippet":"max-snippet:-1","max-image-preview":"max-image-preview:large","max-video-preview":"max-video-preview:-1"},"canonical":"https:\/\/fundacionsirenaica.org\/home\/producto\/camisa-nube\/","og_locale":"es_ES","og_type":"article","og_title":"Camiseta con Dise\u00f1o Musical Nubes - Sirenaica","og_description":"Lleva tu \u2764 Amor por la M\u00fasica \u2764 con la Camiseta dise\u00f1o de lluvia de \ud834\udd60 Notas Musicales, fabricada en 100% algod\u00f3n. \u00a1C\u00f3mprala ahora!","og_url":"https:\/\/fundacionsirenaica.org\/home\/producto\/camisa-nube\/","og_site_name":"Fundaci\u00f3n Sirenaica","article_modified_time":"2024-05-28T03:21:04+00:00","og_image":[{"width":800,"height":800,"url":"https:\/\/fundacionsirenaica.org\/home\/wp-content\/uploads\/2022\/08\/Camisa-Nube.jpg","type":"image\/jpeg"}],"twitter_card":"summary_large_image","twitter_misc":{"Tiempo de lectura":"1 minuto"},"schema":{"@context":"https:\/\/schema.org","@graph":[{"@type":"WebPage","@id":"https:\/\/fundacionsirenaica.org\/home\/producto\/camisa-nube\/","url":"https:\/\/fundacionsirenaica.org\/home\/producto\/camisa-nube\/","name":"Camiseta con Dise\u00f1o Musical Nubes - Sirenaica","isPartOf":{"@id":"https:\/\/fundacionsirenaica.org\/home\/#website"},"primaryImageOfPage":{"@id":"https:\/\/fundacionsirenaica.org\/home\/producto\/camisa-nube\/#primaryimage"},"image":{"@id":"https:\/\/fundacionsirenaica.org\/home\/producto\/camisa-nube\/#primaryimage"},"thumbnailUrl":"https:\/\/fundacionsirenaica.org\/home\/wp-content\/uploads\/2022\/08\/Camisa-Nube.jpg","datePublished":"2022-08-25T00:46:03+00:00","dateModified":"2024-05-28T03:21:04+00:00","description":"Lleva tu \u2764 Amor por la M\u00fasica \u2764 con la Camiseta dise\u00f1o de lluvia de \ud834\udd60 Notas Musicales, fabricada en 100% algod\u00f3n. \u00a1C\u00f3mprala ahora!","breadcrumb":{"@id":"https:\/\/fundacionsirenaica.org\/home\/producto\/camisa-nube\/#breadcrumb"},"inLanguage":"es","potentialAction":[{"@type":"ReadAction","target":["https:\/\/fundacionsirenaica.org\/home\/producto\/camisa-nube\/"]}]},{"@type":"ImageObject","inLanguage":"es","@id":"https:\/\/fundacionsirenaica.org\/home\/producto\/camisa-nube\/#primaryimage","url":"https:\/\/fundacionsirenaica.org\/home\/wp-content\/uploads\/2022\/08\/Camisa-Nube.jpg","contentUrl":"https:\/\/fundacionsirenaica.org\/home\/wp-content\/uploads\/2022\/08\/Camisa-Nube.jpg","width":800,"height":800},{"@type":"BreadcrumbList","@id":"https:\/\/fundacionsirenaica.org\/home\/producto\/camisa-nube\/#breadcrumb","itemListElement":[{"@type":"ListItem","position":1,"name":"Portada","item":"https:\/\/fundacionsirenaica.org\/home\/"},{"@type":"ListItem","position":2,"name":"Tienda","item":"https:\/\/fundacionsirenaica.org\/home\/tienda\/"},{"@type":"ListItem","position":3,"name":"Camiseta 100% algod\u00f3n con estampado de Nubes"}]},{"@type":"WebSite","@id":"https:\/\/fundacionsirenaica.org\/home\/#website","url":"https:\/\/fundacionsirenaica.org\/home\/","name":"Fundaci\u00f3n Sirenaica","description":"","publisher":{"@id":"https:\/\/fundacionsirenaica.org\/home\/#organization"},"potentialAction":[{"@type":"SearchAction","target":{"@type":"EntryPoint","urlTemplate":"https:\/\/fundacionsirenaica.org\/home\/?s={search_term_string}"},"query-input":{"@type":"PropertyValueSpecification","valueRequired":true,"valueName":"search_term_string"}}],"inLanguage":"es"},{"@type":"Organization","@id":"https:\/\/fundacionsirenaica.org\/home\/#organization","name":"Fundaci\u00f3n Sirenaica","url":"https:\/\/fundacionsirenaica.org\/home\/","logo":{"@type":"ImageObject","inLanguage":"es","@id":"https:\/\/fundacionsirenaica.org\/home\/#\/schema\/logo\/image\/","url":"https:\/\/fundacionsirenaica.org\/home\/wp-content\/uploads\/2024\/08\/Logo-Sireniaca-Nuevo.webp","contentUrl":"https:\/\/fundacionsirenaica.org\/home\/wp-content\/uploads\/2024\/08\/Logo-Sireniaca-Nuevo.webp","width":800,"height":309,"caption":"Fundaci\u00f3n Sirenaica"},"image":{"@id":"https:\/\/fundacionsirenaica.org\/home\/#\/schema\/logo\/image\/"}}]}},"_links":{"self":[{"href":"https:\/\/fundacionsirenaica.org\/home\/wp-json\/wp\/v2\/product\/9362","targetHints":{"allow":["GET"]}}],"collection":[{"href":"https:\/\/fundacionsirenaica.org\/home\/wp-json\/wp\/v2\/product"}],"about":[{"href":"https:\/\/fundacionsirenaica.org\/home\/wp-json\/wp\/v2\/types\/product"}],"replies":[{"embeddable":true,"href":"https:\/\/fundacionsirenaica.org\/home\/wp-json\/wp\/v2\/comments?post=9362"}],"wp:featuredmedia":[{"embeddable":true,"href":"https:\/\/fundacionsirenaica.org\/home\/wp-json\/wp\/v2\/media\/9373"}],"wp:attachment":[{"href":"https:\/\/fundacionsirenaica.org\/home\/wp-json\/wp\/v2\/media?parent=9362"}],"wp:term":[{"taxonomy":"product_brand","embeddable":true,"href":"https:\/\/fundacionsirenaica.org\/home\/wp-json\/wp\/v2\/product_brand?post=9362"},{"taxonomy":"product_cat","embeddable":true,"href":"https:\/\/fundacionsirenaica.org\/home\/wp-json\/wp\/v2\/product_cat?post=9362"},{"taxonomy":"product_tag","embeddable":true,"href":"https:\/\/fundacionsirenaica.org\/home\/wp-json\/wp\/v2\/product_tag?post=9362"}],"curies":[{"name":"wp","href":"https:\/\/api.w.org\/{rel}","templated":true}]}}