{"id":1668,"date":"2015-05-07T09:42:55","date_gmt":"2015-05-07T09:42:55","guid":{"rendered":"http:\/\/welfare.cmsmasters.net\/?post_type=product&#038;p=1668"},"modified":"2024-05-27T19:40:29","modified_gmt":"2024-05-28T00:40:29","slug":"camisa-ensayo","status":"publish","type":"product","link":"https:\/\/fundacionsirenaica.org\/home\/producto\/camisa-ensayo\/","title":{"rendered":"Camiseta algod\u00f3n estampada para Ensayo Musical"},"content":{"rendered":"<p>Camiseta de ensayo Sirenaica con dise\u00f1o frontal, original, con estampado musical en clave de sol con la frase \u00abno puedo tengo ensayo\u00bb, confeccionada con tejido 100 % algod\u00f3n, de cuello redondo y manga corta<\/p>\n<p><strong>Caracter\u00edsticas Principales:<\/strong><\/p>\n<p><strong>Dise\u00f1o Original:<\/strong> La camiseta cuenta con un exclusivo estampado de clave de sol en el frente, ideal para m\u00fasicos y aficionados que desean llevar su amor por la m\u00fasica a todas partes.<br \/>\n<strong>Tejido de Alta Calidad:<\/strong> Confeccionada con 100% algod\u00f3n, esta camiseta ofrece una suavidad excepcional y una transpirabilidad \u00f3ptima, asegurando comodidad durante todo el d\u00eda.<br \/>\n<strong>Corte Cl\u00e1sico:<\/strong> El dise\u00f1o de cuello redondo y manga corta proporciona un ajuste relajado y vers\u00e1til, perfecto para ensayos, conciertos informales o salidas casuales.<br \/>\n<strong>Durabilidad Garantizada:<\/strong> Gracias a su tejido resistente y de alta calidad, esta camiseta mantendr\u00e1 su forma y colores vibrantes incluso despu\u00e9s de m\u00faltiples lavados.<\/p>\n<p>La Camiseta de Ensayo Sirenaica no solo es una prenda c\u00f3moda y duradera, sino tambi\u00e9n una declaraci\u00f3n de estilo para quienes viven y respiran m\u00fasica. A\u00f1\u00e1dela a tu guardarropa y destaca en cada ensayo y presentaci\u00f3n con una pieza que combina funcionalidad y arte.<\/p>\n","protected":false},"excerpt":{"rendered":"<p>Camisa Ensayo Fundaci\u00f3n Sirenaica<\/p>\n<p><strong>Manga<\/strong>: Corta<br \/>\n<strong>Largo<\/strong>: Cadera<br \/>\n<strong>Cuello<\/strong>: Redondo<\/p>\n<p><strong>Colores<\/strong>: Azul Rey, Vino Tinto<\/p>\n<p><strong>Material<\/strong>: 100% Algod\u00f3n<\/p>\n<p><strong>Tallas<\/strong>: 14 (Infantil) | S | M | L | XL<\/p>\n","protected":false},"featured_media":9358,"comment_status":"open","ping_status":"closed","template":"","meta":[],"product_brand":[],"product_cat":[149,45],"product_tag":[152,151,153],"class_list":{"0":"post-1668","1":"product","2":"type-product","3":"status-publish","4":"has-post-thumbnail","6":"product_cat-camisetas","7":"product_cat-ropa","8":"product_tag-algodon","9":"product_tag-mujer","10":"product_tag-ninas","12":"first","13":"instock","14":"shipping-taxable","15":"purchasable","16":"product-type-variable"},"yoast_head":"<!-- This site is optimized with the Yoast SEO plugin v27.3 - https:\/\/yoast.com\/product\/yoast-seo-wordpress\/ -->\n<title>Camiseta de Ensayo con Dise\u00f1o Musical | Sirenaica<\/title>\n<meta name=\"description\" content=\"Compra la Camiseta de Ensayo Sirenaica, confeccionada con 100% algod\u00f3n y un dise\u00f1o exclusivo de clave de sol. Ideal para m\u00fasicos y amantes de la m\u00fasica.\" \/>\n<meta name=\"robots\" content=\"index, follow, max-snippet:-1, max-image-preview:large, max-video-preview:-1\" \/>\n<link rel=\"canonical\" href=\"https:\/\/fundacionsirenaica.org\/home\/producto\/camisa-ensayo\/\" \/>\n<meta property=\"og:locale\" content=\"es_ES\" \/>\n<meta property=\"og:type\" content=\"article\" \/>\n<meta property=\"og:title\" content=\"Camiseta de Ensayo con Dise\u00f1o Musical | Sirenaica\" \/>\n<meta property=\"og:description\" content=\"Compra la Camiseta de Ensayo Sirenaica, confeccionada con 100% algod\u00f3n y un dise\u00f1o exclusivo de clave de sol. Ideal para m\u00fasicos y amantes de la m\u00fasica.\" \/>\n<meta property=\"og:url\" content=\"https:\/\/fundacionsirenaica.org\/home\/producto\/camisa-ensayo\/\" \/>\n<meta property=\"og:site_name\" content=\"Fundaci\u00f3n Sirenaica\" \/>\n<meta property=\"article:modified_time\" content=\"2024-05-28T00:40:29+00:00\" \/>\n<meta property=\"og:image\" content=\"https:\/\/fundacionsirenaica.org\/home\/wp-content\/uploads\/2015\/05\/Camisa-Ensayo.jpg\" \/>\n\t<meta property=\"og:image:width\" content=\"1080\" \/>\n\t<meta property=\"og:image:height\" content=\"1080\" \/>\n\t<meta property=\"og:image:type\" content=\"image\/jpeg\" \/>\n<meta name=\"twitter:card\" content=\"summary_large_image\" \/>\n<meta name=\"twitter:label1\" content=\"Tiempo de lectura\" \/>\n\t<meta name=\"twitter:data1\" content=\"1 minuto\" \/>\n<script type=\"application\/ld+json\" class=\"yoast-schema-graph\">{\"@context\":\"https:\\\/\\\/schema.org\",\"@graph\":[{\"@type\":\"WebPage\",\"@id\":\"https:\\\/\\\/fundacionsirenaica.org\\\/home\\\/producto\\\/camisa-ensayo\\\/\",\"url\":\"https:\\\/\\\/fundacionsirenaica.org\\\/home\\\/producto\\\/camisa-ensayo\\\/\",\"name\":\"Camiseta de Ensayo con Dise\u00f1o Musical | Sirenaica\",\"isPartOf\":{\"@id\":\"https:\\\/\\\/fundacionsirenaica.org\\\/home\\\/#website\"},\"primaryImageOfPage\":{\"@id\":\"https:\\\/\\\/fundacionsirenaica.org\\\/home\\\/producto\\\/camisa-ensayo\\\/#primaryimage\"},\"image\":{\"@id\":\"https:\\\/\\\/fundacionsirenaica.org\\\/home\\\/producto\\\/camisa-ensayo\\\/#primaryimage\"},\"thumbnailUrl\":\"https:\\\/\\\/fundacionsirenaica.org\\\/home\\\/wp-content\\\/uploads\\\/2015\\\/05\\\/Camisa-Ensayo.jpg\",\"datePublished\":\"2015-05-07T09:42:55+00:00\",\"dateModified\":\"2024-05-28T00:40:29+00:00\",\"description\":\"Compra la Camiseta de Ensayo Sirenaica, confeccionada con 100% algod\u00f3n y un dise\u00f1o exclusivo de clave de sol. Ideal para m\u00fasicos y amantes de la m\u00fasica.\",\"breadcrumb\":{\"@id\":\"https:\\\/\\\/fundacionsirenaica.org\\\/home\\\/producto\\\/camisa-ensayo\\\/#breadcrumb\"},\"inLanguage\":\"es\",\"potentialAction\":[{\"@type\":\"ReadAction\",\"target\":[\"https:\\\/\\\/fundacionsirenaica.org\\\/home\\\/producto\\\/camisa-ensayo\\\/\"]}]},{\"@type\":\"ImageObject\",\"inLanguage\":\"es\",\"@id\":\"https:\\\/\\\/fundacionsirenaica.org\\\/home\\\/producto\\\/camisa-ensayo\\\/#primaryimage\",\"url\":\"https:\\\/\\\/fundacionsirenaica.org\\\/home\\\/wp-content\\\/uploads\\\/2015\\\/05\\\/Camisa-Ensayo.jpg\",\"contentUrl\":\"https:\\\/\\\/fundacionsirenaica.org\\\/home\\\/wp-content\\\/uploads\\\/2015\\\/05\\\/Camisa-Ensayo.jpg\",\"width\":1080,\"height\":1080},{\"@type\":\"BreadcrumbList\",\"@id\":\"https:\\\/\\\/fundacionsirenaica.org\\\/home\\\/producto\\\/camisa-ensayo\\\/#breadcrumb\",\"itemListElement\":[{\"@type\":\"ListItem\",\"position\":1,\"name\":\"Portada\",\"item\":\"https:\\\/\\\/fundacionsirenaica.org\\\/home\\\/\"},{\"@type\":\"ListItem\",\"position\":2,\"name\":\"Tienda\",\"item\":\"https:\\\/\\\/fundacionsirenaica.org\\\/home\\\/tienda\\\/\"},{\"@type\":\"ListItem\",\"position\":3,\"name\":\"Camiseta algod\u00f3n estampada para Ensayo Musical\"}]},{\"@type\":\"WebSite\",\"@id\":\"https:\\\/\\\/fundacionsirenaica.org\\\/home\\\/#website\",\"url\":\"https:\\\/\\\/fundacionsirenaica.org\\\/home\\\/\",\"name\":\"Fundaci\u00f3n Sirenaica\",\"description\":\"\",\"publisher\":{\"@id\":\"https:\\\/\\\/fundacionsirenaica.org\\\/home\\\/#organization\"},\"potentialAction\":[{\"@type\":\"SearchAction\",\"target\":{\"@type\":\"EntryPoint\",\"urlTemplate\":\"https:\\\/\\\/fundacionsirenaica.org\\\/home\\\/?s={search_term_string}\"},\"query-input\":{\"@type\":\"PropertyValueSpecification\",\"valueRequired\":true,\"valueName\":\"search_term_string\"}}],\"inLanguage\":\"es\"},{\"@type\":\"Organization\",\"@id\":\"https:\\\/\\\/fundacionsirenaica.org\\\/home\\\/#organization\",\"name\":\"Fundaci\u00f3n Sirenaica\",\"url\":\"https:\\\/\\\/fundacionsirenaica.org\\\/home\\\/\",\"logo\":{\"@type\":\"ImageObject\",\"inLanguage\":\"es\",\"@id\":\"https:\\\/\\\/fundacionsirenaica.org\\\/home\\\/#\\\/schema\\\/logo\\\/image\\\/\",\"url\":\"https:\\\/\\\/fundacionsirenaica.org\\\/home\\\/wp-content\\\/uploads\\\/2024\\\/08\\\/Logo-Sireniaca-Nuevo.webp\",\"contentUrl\":\"https:\\\/\\\/fundacionsirenaica.org\\\/home\\\/wp-content\\\/uploads\\\/2024\\\/08\\\/Logo-Sireniaca-Nuevo.webp\",\"width\":800,\"height\":309,\"caption\":\"Fundaci\u00f3n Sirenaica\"},\"image\":{\"@id\":\"https:\\\/\\\/fundacionsirenaica.org\\\/home\\\/#\\\/schema\\\/logo\\\/image\\\/\"}}]}<\/script>\n<!-- \/ Yoast SEO plugin. -->","yoast_head_json":{"title":"Camiseta de Ensayo con Dise\u00f1o Musical | Sirenaica","description":"Compra la Camiseta de Ensayo Sirenaica, confeccionada con 100% algod\u00f3n y un dise\u00f1o exclusivo de clave de sol. Ideal para m\u00fasicos y amantes de la m\u00fasica.","robots":{"index":"index","follow":"follow","max-snippet":"max-snippet:-1","max-image-preview":"max-image-preview:large","max-video-preview":"max-video-preview:-1"},"canonical":"https:\/\/fundacionsirenaica.org\/home\/producto\/camisa-ensayo\/","og_locale":"es_ES","og_type":"article","og_title":"Camiseta de Ensayo con Dise\u00f1o Musical | Sirenaica","og_description":"Compra la Camiseta de Ensayo Sirenaica, confeccionada con 100% algod\u00f3n y un dise\u00f1o exclusivo de clave de sol. Ideal para m\u00fasicos y amantes de la m\u00fasica.","og_url":"https:\/\/fundacionsirenaica.org\/home\/producto\/camisa-ensayo\/","og_site_name":"Fundaci\u00f3n Sirenaica","article_modified_time":"2024-05-28T00:40:29+00:00","og_image":[{"width":1080,"height":1080,"url":"https:\/\/fundacionsirenaica.org\/home\/wp-content\/uploads\/2015\/05\/Camisa-Ensayo.jpg","type":"image\/jpeg"}],"twitter_card":"summary_large_image","twitter_misc":{"Tiempo de lectura":"1 minuto"},"schema":{"@context":"https:\/\/schema.org","@graph":[{"@type":"WebPage","@id":"https:\/\/fundacionsirenaica.org\/home\/producto\/camisa-ensayo\/","url":"https:\/\/fundacionsirenaica.org\/home\/producto\/camisa-ensayo\/","name":"Camiseta de Ensayo con Dise\u00f1o Musical | Sirenaica","isPartOf":{"@id":"https:\/\/fundacionsirenaica.org\/home\/#website"},"primaryImageOfPage":{"@id":"https:\/\/fundacionsirenaica.org\/home\/producto\/camisa-ensayo\/#primaryimage"},"image":{"@id":"https:\/\/fundacionsirenaica.org\/home\/producto\/camisa-ensayo\/#primaryimage"},"thumbnailUrl":"https:\/\/fundacionsirenaica.org\/home\/wp-content\/uploads\/2015\/05\/Camisa-Ensayo.jpg","datePublished":"2015-05-07T09:42:55+00:00","dateModified":"2024-05-28T00:40:29+00:00","description":"Compra la Camiseta de Ensayo Sirenaica, confeccionada con 100% algod\u00f3n y un dise\u00f1o exclusivo de clave de sol. Ideal para m\u00fasicos y amantes de la m\u00fasica.","breadcrumb":{"@id":"https:\/\/fundacionsirenaica.org\/home\/producto\/camisa-ensayo\/#breadcrumb"},"inLanguage":"es","potentialAction":[{"@type":"ReadAction","target":["https:\/\/fundacionsirenaica.org\/home\/producto\/camisa-ensayo\/"]}]},{"@type":"ImageObject","inLanguage":"es","@id":"https:\/\/fundacionsirenaica.org\/home\/producto\/camisa-ensayo\/#primaryimage","url":"https:\/\/fundacionsirenaica.org\/home\/wp-content\/uploads\/2015\/05\/Camisa-Ensayo.jpg","contentUrl":"https:\/\/fundacionsirenaica.org\/home\/wp-content\/uploads\/2015\/05\/Camisa-Ensayo.jpg","width":1080,"height":1080},{"@type":"BreadcrumbList","@id":"https:\/\/fundacionsirenaica.org\/home\/producto\/camisa-ensayo\/#breadcrumb","itemListElement":[{"@type":"ListItem","position":1,"name":"Portada","item":"https:\/\/fundacionsirenaica.org\/home\/"},{"@type":"ListItem","position":2,"name":"Tienda","item":"https:\/\/fundacionsirenaica.org\/home\/tienda\/"},{"@type":"ListItem","position":3,"name":"Camiseta algod\u00f3n estampada para Ensayo Musical"}]},{"@type":"WebSite","@id":"https:\/\/fundacionsirenaica.org\/home\/#website","url":"https:\/\/fundacionsirenaica.org\/home\/","name":"Fundaci\u00f3n Sirenaica","description":"","publisher":{"@id":"https:\/\/fundacionsirenaica.org\/home\/#organization"},"potentialAction":[{"@type":"SearchAction","target":{"@type":"EntryPoint","urlTemplate":"https:\/\/fundacionsirenaica.org\/home\/?s={search_term_string}"},"query-input":{"@type":"PropertyValueSpecification","valueRequired":true,"valueName":"search_term_string"}}],"inLanguage":"es"},{"@type":"Organization","@id":"https:\/\/fundacionsirenaica.org\/home\/#organization","name":"Fundaci\u00f3n Sirenaica","url":"https:\/\/fundacionsirenaica.org\/home\/","logo":{"@type":"ImageObject","inLanguage":"es","@id":"https:\/\/fundacionsirenaica.org\/home\/#\/schema\/logo\/image\/","url":"https:\/\/fundacionsirenaica.org\/home\/wp-content\/uploads\/2024\/08\/Logo-Sireniaca-Nuevo.webp","contentUrl":"https:\/\/fundacionsirenaica.org\/home\/wp-content\/uploads\/2024\/08\/Logo-Sireniaca-Nuevo.webp","width":800,"height":309,"caption":"Fundaci\u00f3n Sirenaica"},"image":{"@id":"https:\/\/fundacionsirenaica.org\/home\/#\/schema\/logo\/image\/"}}]}},"_links":{"self":[{"href":"https:\/\/fundacionsirenaica.org\/home\/wp-json\/wp\/v2\/product\/1668","targetHints":{"allow":["GET"]}}],"collection":[{"href":"https:\/\/fundacionsirenaica.org\/home\/wp-json\/wp\/v2\/product"}],"about":[{"href":"https:\/\/fundacionsirenaica.org\/home\/wp-json\/wp\/v2\/types\/product"}],"replies":[{"embeddable":true,"href":"https:\/\/fundacionsirenaica.org\/home\/wp-json\/wp\/v2\/comments?post=1668"}],"wp:featuredmedia":[{"embeddable":true,"href":"https:\/\/fundacionsirenaica.org\/home\/wp-json\/wp\/v2\/media\/9358"}],"wp:attachment":[{"href":"https:\/\/fundacionsirenaica.org\/home\/wp-json\/wp\/v2\/media?parent=1668"}],"wp:term":[{"taxonomy":"product_brand","embeddable":true,"href":"https:\/\/fundacionsirenaica.org\/home\/wp-json\/wp\/v2\/product_brand?post=1668"},{"taxonomy":"product_cat","embeddable":true,"href":"https:\/\/fundacionsirenaica.org\/home\/wp-json\/wp\/v2\/product_cat?post=1668"},{"taxonomy":"product_tag","embeddable":true,"href":"https:\/\/fundacionsirenaica.org\/home\/wp-json\/wp\/v2\/product_tag?post=1668"}],"curies":[{"name":"wp","href":"https:\/\/api.w.org\/{rel}","templated":true}]}}