{"id":7393,"date":"2018-04-24T13:48:35","date_gmt":"2018-04-24T18:48:35","guid":{"rendered":"https:\/\/fundacionsirenaica.org\/home\/?page_id=7393"},"modified":"2026-04-01T23:09:17","modified_gmt":"2026-04-02T04:09:17","slug":"legales","status":"publish","type":"page","link":"https:\/\/fundacionsirenaica.org\/home\/legales\/","title":{"rendered":"Legales"},"content":{"rendered":"\t\t<div data-elementor-type=\"wp-page\" data-elementor-id=\"7393\" class=\"elementor elementor-7393\" data-elementor-post-type=\"page\">\n\t\t\t\t\t\t<section class=\"elementor-section elementor-top-section elementor-element elementor-element-3625af77 elementor-section-height-min-height elementor-section-boxed elementor-section-height-default elementor-section-items-middle wpr-particle-no wpr-jarallax-no wpr-parallax-no wpr-sticky-section-no\" data-id=\"3625af77\" data-element_type=\"section\" data-e-type=\"section\" data-settings=\"{&quot;background_background&quot;:&quot;classic&quot;}\">\n\t\t\t\t\t\t\t<div class=\"elementor-background-overlay\"><\/div>\n\t\t\t\t\t\t\t<div class=\"elementor-container elementor-column-gap-default\">\n\t\t\t\t\t<div class=\"elementor-column elementor-col-100 elementor-top-column elementor-element elementor-element-6d4425cc\" data-id=\"6d4425cc\" data-element_type=\"column\" data-e-type=\"column\">\n\t\t\t<div class=\"elementor-widget-wrap elementor-element-populated\">\n\t\t\t\t\t\t<div class=\"elementor-element elementor-element-726f754c elementor-widget elementor-widget-heading\" data-id=\"726f754c\" data-element_type=\"widget\" data-e-type=\"widget\" data-widget_type=\"heading.default\">\n\t\t\t\t<div class=\"elementor-widget-container\">\n\t\t\t\t\t<h2 class=\"elementor-heading-title elementor-size-default\">Legales<\/h2>\t\t\t\t<\/div>\n\t\t\t\t<\/div>\n\t\t\t\t\t<\/div>\n\t\t<\/div>\n\t\t\t\t\t<\/div>\n\t\t<\/section>\n\t\t\t\t<section class=\"elementor-section elementor-top-section elementor-element elementor-element-60319558 elementor-section-height-min-height elementor-section-boxed elementor-section-height-default elementor-section-items-middle wpr-particle-no wpr-jarallax-no wpr-parallax-no wpr-sticky-section-no\" data-id=\"60319558\" data-element_type=\"section\" data-e-type=\"section\" data-settings=\"{&quot;background_background&quot;:&quot;classic&quot;}\">\n\t\t\t\t\t\t<div class=\"elementor-container elementor-column-gap-default\">\n\t\t\t\t\t<div class=\"elementor-column elementor-col-100 elementor-top-column elementor-element elementor-element-487b83c7\" data-id=\"487b83c7\" data-element_type=\"column\" data-e-type=\"column\">\n\t\t\t<div class=\"elementor-widget-wrap elementor-element-populated\">\n\t\t\t\t\t\t<div class=\"elementor-element elementor-element-2e1d13fe elementor-widget elementor-widget-text-editor\" data-id=\"2e1d13fe\" data-element_type=\"widget\" data-e-type=\"widget\" data-widget_type=\"text-editor.default\">\n\t\t\t\t<div class=\"elementor-widget-container\">\n\t\t\t\t\t\t\t\t\t<p>La actividad meritoria de Fundaci\u00f3n Sirenaica es promover el desarrollo art\u00edstico y musical en todas sus manifestaciones, c\u00f3digo 8553.<\/p><p><span style=\"font-size: 1rem; color: var( --e-global-color-text ); font-family: var( --e-global-typography-text-font-family ), Sans-serif; font-weight: var( --e-global-typography-text-font-weight );\">Se adjuntan los siguientes documentos siguiendo instrucciones de la DIAN:<\/span><\/p><ul><li><a style=\"font-family: var( --e-global-typography-text-font-family ), Sans-serif; font-weight: var( --e-global-typography-text-font-weight );\" href=\"https:\/\/fundacionsirenaica.org\/home\/wp-content\/uploads\/2026\/04\/Estado-de-resultados-dic-25.pdf\" target=\"_blank\" rel=\"noopener\">Estado de Resultados\u00a0<\/a><\/li><li><a href=\"https:\/\/fundacionsirenaica.org\/home\/wp-content\/uploads\/2026\/04\/Balance-dic-25.pdf\" target=\"_blank\" rel=\"noopener\">Estado de Situaci\u00f3n Financiera<\/a><\/li><li>Informe de Gesti\u00f3n<ul><li><a href=\"https:\/\/fundacionsirenaica.org\/home\/wp-content\/uploads\/2024\/04\/Inf-de-gestion-firmado-2023.pdf\" target=\"_blank\" rel=\"noopener\">A\u00f1o 2023<\/a><\/li><li><a href=\"https:\/\/fundacionsirenaica.org\/home\/wp-content\/uploads\/2025\/07\/Informe-Social-2024-v5.pdf\" target=\"_blank\" rel=\"noopener\">A\u00f1o 2024<\/a><\/li><li><a href=\"https:\/\/fundacionsirenaica.org\/home\/wp-content\/uploads\/2026\/04\/Inf_gestion_2025.docx.pdf\" target=\"_blank\" rel=\"noopener\">A\u00f1o 2025<\/a><\/li><\/ul><\/li><li><a style=\"font-family: var( --e-global-typography-text-font-family ), Sans-serif; font-weight: var( --e-global-typography-text-font-weight );\" href=\"https:\/\/fundacionsirenaica.org\/home\/wp-content\/uploads\/2018\/04\/MIEMBROS-FUNDACI\u00d3N-SIRENAICA-DIAN.pdf\" target=\"_blank\" rel=\"noopener noreferrer\">Miembros Fundaci\u00f3n Sirenaica<\/a><\/li><li><a href=\"https:\/\/fundacionsirenaica.org\/home\/wp-content\/uploads\/2022\/09\/Fundacion-Sirenaica-Politica-de-Tratamiento-de-Datos.pdf\" target=\"_blank\" rel=\"noopener\">Pol\u00edtica de Tratamiento de Datos<\/a><\/li><li><a href=\"https:\/\/fundacionsirenaica.org\/home\/wp-content\/uploads\/2024\/04\/Politica-de-Transparencia-revisada-abril-2024.pdf\" target=\"_blank\" rel=\"noopener\">Pol\u00edtica de Transparencia<\/a><\/li><\/ul>\t\t\t\t\t\t\t\t<\/div>\n\t\t\t\t<\/div>\n\t\t\t\t\t<\/div>\n\t\t<\/div>\n\t\t\t\t\t<\/div>\n\t\t<\/section>\n\t\t\t\t<section class=\"elementor-section elementor-top-section elementor-element elementor-element-470dd246 elementor-section-boxed elementor-section-height-default elementor-section-height-default wpr-particle-no wpr-jarallax-no wpr-parallax-no wpr-sticky-section-no\" data-id=\"470dd246\" data-element_type=\"section\" data-e-type=\"section\">\n\t\t\t\t\t\t<div class=\"elementor-container elementor-column-gap-default\">\n\t\t\t\t\t\t<\/div>\n\t\t<\/section>\n\t\t\t\t<\/div>\n\t\t","protected":false},"excerpt":{"rendered":"<p>Legales La actividad meritoria de Fundaci\u00f3n Sirenaica es promover el desarrollo art\u00edstico y musical en todas sus manifestaciones, c\u00f3digo 8553. Se adjuntan los siguientes documentos siguiendo instrucciones de la DIAN: Estado de Resultados\u00a0 Estado de Situaci\u00f3n Financiera Informe de Gesti\u00f3n A\u00f1o 2023 A\u00f1o 2024 A\u00f1o 2025 Miembros Fundaci\u00f3n Sirenaica Pol\u00edtica de Tratamiento de Datos Pol\u00edtica de Transparencia<\/p>\n","protected":false},"author":1,"featured_media":0,"parent":0,"menu_order":0,"comment_status":"closed","ping_status":"closed","template":"","meta":{"footnotes":""},"class_list":["post-7393","page","type-page","status-publish","hentry"],"yoast_head":"<!-- This site is optimized with the Yoast SEO plugin v27.3 - https:\/\/yoast.com\/product\/yoast-seo-wordpress\/ -->\n<title>Legales - Fundaci\u00f3n Sirenaica<\/title>\n<meta name=\"robots\" content=\"index, follow, max-snippet:-1, max-image-preview:large, max-video-preview:-1\" \/>\n<link rel=\"canonical\" href=\"https:\/\/fundacionsirenaica.org\/home\/legales\/\" \/>\n<meta property=\"og:locale\" content=\"es_ES\" \/>\n<meta property=\"og:type\" content=\"article\" \/>\n<meta property=\"og:title\" content=\"Legales - Fundaci\u00f3n Sirenaica\" \/>\n<meta property=\"og:description\" content=\"Legales La actividad meritoria de Fundaci\u00f3n Sirenaica es promover el desarrollo art\u00edstico y musical en todas sus manifestaciones, c\u00f3digo 8553. Se adjuntan los siguientes documentos siguiendo instrucciones de la DIAN: Estado de Resultados\u00a0 Estado de Situaci\u00f3n Financiera Informe de Gesti\u00f3n A\u00f1o 2023 A\u00f1o 2024 A\u00f1o 2025 Miembros Fundaci\u00f3n Sirenaica Pol\u00edtica de Tratamiento de Datos Pol\u00edtica de Transparencia\" \/>\n<meta property=\"og:url\" content=\"https:\/\/fundacionsirenaica.org\/home\/legales\/\" \/>\n<meta property=\"og:site_name\" content=\"Fundaci\u00f3n Sirenaica\" \/>\n<meta property=\"article:modified_time\" content=\"2026-04-02T04:09:17+00:00\" \/>\n<meta name=\"twitter:card\" content=\"summary_large_image\" \/>\n<meta name=\"twitter:label1\" content=\"Tiempo de lectura\" \/>\n\t<meta name=\"twitter:data1\" content=\"1 minuto\" \/>\n<script type=\"application\/ld+json\" class=\"yoast-schema-graph\">{\"@context\":\"https:\\\/\\\/schema.org\",\"@graph\":[{\"@type\":\"WebPage\",\"@id\":\"https:\\\/\\\/fundacionsirenaica.org\\\/home\\\/legales\\\/\",\"url\":\"https:\\\/\\\/fundacionsirenaica.org\\\/home\\\/legales\\\/\",\"name\":\"Legales - Fundaci\u00f3n Sirenaica\",\"isPartOf\":{\"@id\":\"https:\\\/\\\/fundacionsirenaica.org\\\/home\\\/#website\"},\"datePublished\":\"2018-04-24T18:48:35+00:00\",\"dateModified\":\"2026-04-02T04:09:17+00:00\",\"breadcrumb\":{\"@id\":\"https:\\\/\\\/fundacionsirenaica.org\\\/home\\\/legales\\\/#breadcrumb\"},\"inLanguage\":\"es\",\"potentialAction\":[{\"@type\":\"ReadAction\",\"target\":[\"https:\\\/\\\/fundacionsirenaica.org\\\/home\\\/legales\\\/\"]}]},{\"@type\":\"BreadcrumbList\",\"@id\":\"https:\\\/\\\/fundacionsirenaica.org\\\/home\\\/legales\\\/#breadcrumb\",\"itemListElement\":[{\"@type\":\"ListItem\",\"position\":1,\"name\":\"Portada\",\"item\":\"https:\\\/\\\/fundacionsirenaica.org\\\/home\\\/\"},{\"@type\":\"ListItem\",\"position\":2,\"name\":\"Legales\"}]},{\"@type\":\"WebSite\",\"@id\":\"https:\\\/\\\/fundacionsirenaica.org\\\/home\\\/#website\",\"url\":\"https:\\\/\\\/fundacionsirenaica.org\\\/home\\\/\",\"name\":\"Fundaci\u00f3n Sirenaica\",\"description\":\"\",\"publisher\":{\"@id\":\"https:\\\/\\\/fundacionsirenaica.org\\\/home\\\/#organization\"},\"potentialAction\":[{\"@type\":\"SearchAction\",\"target\":{\"@type\":\"EntryPoint\",\"urlTemplate\":\"https:\\\/\\\/fundacionsirenaica.org\\\/home\\\/?s={search_term_string}\"},\"query-input\":{\"@type\":\"PropertyValueSpecification\",\"valueRequired\":true,\"valueName\":\"search_term_string\"}}],\"inLanguage\":\"es\"},{\"@type\":\"Organization\",\"@id\":\"https:\\\/\\\/fundacionsirenaica.org\\\/home\\\/#organization\",\"name\":\"Fundaci\u00f3n Sirenaica\",\"url\":\"https:\\\/\\\/fundacionsirenaica.org\\\/home\\\/\",\"logo\":{\"@type\":\"ImageObject\",\"inLanguage\":\"es\",\"@id\":\"https:\\\/\\\/fundacionsirenaica.org\\\/home\\\/#\\\/schema\\\/logo\\\/image\\\/\",\"url\":\"https:\\\/\\\/fundacionsirenaica.org\\\/home\\\/wp-content\\\/uploads\\\/2024\\\/08\\\/Logo-Sireniaca-Nuevo.webp\",\"contentUrl\":\"https:\\\/\\\/fundacionsirenaica.org\\\/home\\\/wp-content\\\/uploads\\\/2024\\\/08\\\/Logo-Sireniaca-Nuevo.webp\",\"width\":800,\"height\":309,\"caption\":\"Fundaci\u00f3n Sirenaica\"},\"image\":{\"@id\":\"https:\\\/\\\/fundacionsirenaica.org\\\/home\\\/#\\\/schema\\\/logo\\\/image\\\/\"}}]}<\/script>\n<!-- \/ Yoast SEO plugin. -->","yoast_head_json":{"title":"Legales - Fundaci\u00f3n Sirenaica","robots":{"index":"index","follow":"follow","max-snippet":"max-snippet:-1","max-image-preview":"max-image-preview:large","max-video-preview":"max-video-preview:-1"},"canonical":"https:\/\/fundacionsirenaica.org\/home\/legales\/","og_locale":"es_ES","og_type":"article","og_title":"Legales - Fundaci\u00f3n Sirenaica","og_description":"Legales La actividad meritoria de Fundaci\u00f3n Sirenaica es promover el desarrollo art\u00edstico y musical en todas sus manifestaciones, c\u00f3digo 8553. Se adjuntan los siguientes documentos siguiendo instrucciones de la DIAN: Estado de Resultados\u00a0 Estado de Situaci\u00f3n Financiera Informe de Gesti\u00f3n A\u00f1o 2023 A\u00f1o 2024 A\u00f1o 2025 Miembros Fundaci\u00f3n Sirenaica Pol\u00edtica de Tratamiento de Datos Pol\u00edtica de Transparencia","og_url":"https:\/\/fundacionsirenaica.org\/home\/legales\/","og_site_name":"Fundaci\u00f3n Sirenaica","article_modified_time":"2026-04-02T04:09:17+00:00","twitter_card":"summary_large_image","twitter_misc":{"Tiempo de lectura":"1 minuto"},"schema":{"@context":"https:\/\/schema.org","@graph":[{"@type":"WebPage","@id":"https:\/\/fundacionsirenaica.org\/home\/legales\/","url":"https:\/\/fundacionsirenaica.org\/home\/legales\/","name":"Legales - Fundaci\u00f3n Sirenaica","isPartOf":{"@id":"https:\/\/fundacionsirenaica.org\/home\/#website"},"datePublished":"2018-04-24T18:48:35+00:00","dateModified":"2026-04-02T04:09:17+00:00","breadcrumb":{"@id":"https:\/\/fundacionsirenaica.org\/home\/legales\/#breadcrumb"},"inLanguage":"es","potentialAction":[{"@type":"ReadAction","target":["https:\/\/fundacionsirenaica.org\/home\/legales\/"]}]},{"@type":"BreadcrumbList","@id":"https:\/\/fundacionsirenaica.org\/home\/legales\/#breadcrumb","itemListElement":[{"@type":"ListItem","position":1,"name":"Portada","item":"https:\/\/fundacionsirenaica.org\/home\/"},{"@type":"ListItem","position":2,"name":"Legales"}]},{"@type":"WebSite","@id":"https:\/\/fundacionsirenaica.org\/home\/#website","url":"https:\/\/fundacionsirenaica.org\/home\/","name":"Fundaci\u00f3n Sirenaica","description":"","publisher":{"@id":"https:\/\/fundacionsirenaica.org\/home\/#organization"},"potentialAction":[{"@type":"SearchAction","target":{"@type":"EntryPoint","urlTemplate":"https:\/\/fundacionsirenaica.org\/home\/?s={search_term_string}"},"query-input":{"@type":"PropertyValueSpecification","valueRequired":true,"valueName":"search_term_string"}}],"inLanguage":"es"},{"@type":"Organization","@id":"https:\/\/fundacionsirenaica.org\/home\/#organization","name":"Fundaci\u00f3n Sirenaica","url":"https:\/\/fundacionsirenaica.org\/home\/","logo":{"@type":"ImageObject","inLanguage":"es","@id":"https:\/\/fundacionsirenaica.org\/home\/#\/schema\/logo\/image\/","url":"https:\/\/fundacionsirenaica.org\/home\/wp-content\/uploads\/2024\/08\/Logo-Sireniaca-Nuevo.webp","contentUrl":"https:\/\/fundacionsirenaica.org\/home\/wp-content\/uploads\/2024\/08\/Logo-Sireniaca-Nuevo.webp","width":800,"height":309,"caption":"Fundaci\u00f3n Sirenaica"},"image":{"@id":"https:\/\/fundacionsirenaica.org\/home\/#\/schema\/logo\/image\/"}}]}},"_links":{"self":[{"href":"https:\/\/fundacionsirenaica.org\/home\/wp-json\/wp\/v2\/pages\/7393","targetHints":{"allow":["GET"]}}],"collection":[{"href":"https:\/\/fundacionsirenaica.org\/home\/wp-json\/wp\/v2\/pages"}],"about":[{"href":"https:\/\/fundacionsirenaica.org\/home\/wp-json\/wp\/v2\/types\/page"}],"author":[{"embeddable":true,"href":"https:\/\/fundacionsirenaica.org\/home\/wp-json\/wp\/v2\/users\/1"}],"replies":[{"embeddable":true,"href":"https:\/\/fundacionsirenaica.org\/home\/wp-json\/wp\/v2\/comments?post=7393"}],"version-history":[{"count":91,"href":"https:\/\/fundacionsirenaica.org\/home\/wp-json\/wp\/v2\/pages\/7393\/revisions"}],"predecessor-version":[{"id":11586,"href":"https:\/\/fundacionsirenaica.org\/home\/wp-json\/wp\/v2\/pages\/7393\/revisions\/11586"}],"wp:attachment":[{"href":"https:\/\/fundacionsirenaica.org\/home\/wp-json\/wp\/v2\/media?parent=7393"}],"curies":[{"name":"wp","href":"https:\/\/api.w.org\/{rel}","templated":true}]}}