{"id":6169,"date":"2016-05-07T02:53:10","date_gmt":"2016-05-07T02:53:10","guid":{"rendered":"http:\/\/fundacionsirenaica.org\/home\/?page_id=6169"},"modified":"2025-08-14T08:54:13","modified_gmt":"2025-08-14T13:54:13","slug":"nuestrassedes","status":"publish","type":"page","link":"https:\/\/fundacionsirenaica.org\/home\/nuestrassedes\/","title":{"rendered":"Nuestras Sedes"},"content":{"rendered":"\t\t<div data-elementor-type=\"wp-page\" data-elementor-id=\"6169\" class=\"elementor elementor-6169\" data-elementor-post-type=\"page\">\n\t\t\t\t\t\t<section class=\"elementor-section elementor-top-section elementor-element elementor-element-2800db5e elementor-section-height-min-height elementor-section-boxed elementor-section-height-default elementor-section-items-middle wpr-particle-no wpr-jarallax-no wpr-parallax-no wpr-sticky-section-no\" data-id=\"2800db5e\" data-element_type=\"section\" data-e-type=\"section\" data-settings=\"{&quot;background_background&quot;:&quot;classic&quot;}\">\n\t\t\t\t\t\t\t<div class=\"elementor-background-overlay\"><\/div>\n\t\t\t\t\t\t\t<div class=\"elementor-container elementor-column-gap-default\">\n\t\t\t\t\t<div class=\"elementor-column elementor-col-100 elementor-top-column elementor-element elementor-element-6e70f3e5\" data-id=\"6e70f3e5\" data-element_type=\"column\" data-e-type=\"column\">\n\t\t\t<div class=\"elementor-widget-wrap elementor-element-populated\">\n\t\t\t\t\t\t<div class=\"elementor-element elementor-element-1753ee9 elementor-widget elementor-widget-heading\" data-id=\"1753ee9\" data-element_type=\"widget\" data-e-type=\"widget\" data-widget_type=\"heading.default\">\n\t\t\t\t<div class=\"elementor-widget-container\">\n\t\t\t\t\t<h2 class=\"elementor-heading-title elementor-size-default\">Nuestras Sedes<\/h2>\t\t\t\t<\/div>\n\t\t\t\t<\/div>\n\t\t\t\t\t<\/div>\n\t\t<\/div>\n\t\t\t\t\t<\/div>\n\t\t<\/section>\n\t\t\t\t<section class=\"elementor-section elementor-top-section elementor-element elementor-element-cc50eca elementor-section-height-min-height elementor-section-boxed elementor-section-height-default elementor-section-items-middle wpr-particle-no wpr-jarallax-no wpr-parallax-no wpr-sticky-section-no\" data-id=\"cc50eca\" data-element_type=\"section\" data-e-type=\"section\" data-settings=\"{&quot;background_background&quot;:&quot;classic&quot;}\">\n\t\t\t\t\t\t<div class=\"elementor-container elementor-column-gap-default\">\n\t\t\t\t\t<div class=\"elementor-column elementor-col-100 elementor-top-column elementor-element elementor-element-2b32589f\" data-id=\"2b32589f\" data-element_type=\"column\" data-e-type=\"column\">\n\t\t\t<div class=\"elementor-widget-wrap elementor-element-populated\">\n\t\t\t\t\t\t<div class=\"elementor-element elementor-element-3657df0 elementor-align-start elementor-icon-list--layout-traditional elementor-list-item-link-full_width elementor-widget elementor-widget-icon-list\" data-id=\"3657df0\" data-element_type=\"widget\" data-e-type=\"widget\" data-widget_type=\"icon-list.default\">\n\t\t\t\t<div class=\"elementor-widget-container\">\n\t\t\t\t\t\t\t<ul class=\"elementor-icon-list-items\">\n\t\t\t\t\t\t\t<li class=\"elementor-icon-list-item\">\n\t\t\t\t\t\t\t\t\t\t\t<span class=\"elementor-icon-list-icon\">\n\t\t\t\t\t\t\t<i aria-hidden=\"true\" class=\"fas fa-map-marker-alt\"><\/i>\t\t\t\t\t\t<\/span>\n\t\t\t\t\t\t\t\t\t\t<span class=\"elementor-icon-list-text\">Chiquicoro - IE EL SAlvador seccion Jose De san martin Cra. 38 #39-39<\/span>\n\t\t\t\t\t\t\t\t\t<\/li>\n\t\t\t\t\t\t\t\t<li class=\"elementor-icon-list-item\">\n\t\t\t\t\t\t\t\t\t\t\t<span class=\"elementor-icon-list-icon\">\n\t\t\t\t\t\t\t<i aria-hidden=\"true\" class=\"fas fa-map-marker-alt\"><\/i>\t\t\t\t\t\t<\/span>\n\t\t\t\t\t\t\t\t\t\t<span class=\"elementor-icon-list-text\">Ni\u00f1os del agua - Parque biblioteca la Ladera Cl 59A #3630 Villa hermosa<\/span>\n\t\t\t\t\t\t\t\t\t<\/li>\n\t\t\t\t\t\t\t\t<li class=\"elementor-icon-list-item\">\n\t\t\t\t\t\t\t\t\t\t\t<span class=\"elementor-icon-list-icon\">\n\t\t\t\t\t\t\t<i aria-hidden=\"true\" class=\"fas fa-map-marker-alt\"><\/i>\t\t\t\t\t\t<\/span>\n\t\t\t\t\t\t\t\t\t\t<span class=\"elementor-icon-list-text\">Cantamas - Ie la presentacion Cl. 7 #56-8, Guayabal<\/span>\n\t\t\t\t\t\t\t\t\t<\/li>\n\t\t\t\t\t\t\t\t<li class=\"elementor-icon-list-item\">\n\t\t\t\t\t\t\t\t\t\t\t<span class=\"elementor-icon-list-icon\">\n\t\t\t\t\t\t\t<i aria-hidden=\"true\" class=\"fas fa-map-marker-alt\"><\/i>\t\t\t\t\t\t<\/span>\n\t\t\t\t\t\t\t\t\t\t<span class=\"elementor-icon-list-text\">Avanti - Parque Biblioteca San Javier Cl. 42C #95 - 50<\/span>\n\t\t\t\t\t\t\t\t\t<\/li>\n\t\t\t\t\t\t\t\t<li class=\"elementor-icon-list-item\">\n\t\t\t\t\t\t\t\t\t\t\t<span class=\"elementor-icon-list-icon\">\n\t\t\t\t\t\t\t<i aria-hidden=\"true\" class=\"fas fa-map-marker-alt\"><\/i>\t\t\t\t\t\t<\/span>\n\t\t\t\t\t\t\t\t\t\t<span class=\"elementor-icon-list-text\">Kawana infantil- Madre Maria mazarello Calle 48 # 33-61<\/span>\n\t\t\t\t\t\t\t\t\t<\/li>\n\t\t\t\t\t\t\t\t<li class=\"elementor-icon-list-item\">\n\t\t\t\t\t\t\t\t\t\t\t<span class=\"elementor-icon-list-icon\">\n\t\t\t\t\t\t\t<i aria-hidden=\"true\" class=\"fas fa-map-marker-alt\"><\/i>\t\t\t\t\t\t<\/span>\n\t\t\t\t\t\t\t\t\t\t<span class=\"elementor-icon-list-text\">Kawana Juvenil - Madre Maria mazarello Calle 48 # 33-62<\/span>\n\t\t\t\t\t\t\t\t\t<\/li>\n\t\t\t\t\t\t\t\t<li class=\"elementor-icon-list-item\">\n\t\t\t\t\t\t\t\t\t\t\t<span class=\"elementor-icon-list-icon\">\n\t\t\t\t\t\t\t<i aria-hidden=\"true\" class=\"fas fa-map-marker-alt\"><\/i>\t\t\t\t\t\t<\/span>\n\t\t\t\t\t\t\t\t\t\t<span class=\"elementor-icon-list-text\">Colibr\u00ed  - Uva de la alegr\u00eda I.E Mora V\u00e1squez Cra. 41 #78 - 106, Campo Valdes II<\/span>\n\t\t\t\t\t\t\t\t\t<\/li>\n\t\t\t\t\t\t\t\t<li class=\"elementor-icon-list-item\">\n\t\t\t\t\t\t\t\t\t\t\t<span class=\"elementor-icon-list-icon\">\n\t\t\t\t\t\t\t<i aria-hidden=\"true\" class=\"fas fa-map-marker-alt\"><\/i>\t\t\t\t\t\t<\/span>\n\t\t\t\t\t\t\t\t\t\t<span class=\"elementor-icon-list-text\">Kianga - I.E Alcald\u00eda de Medell\u00edn Cl. 2b #79-80x, Bel\u00e9n<\/span>\n\t\t\t\t\t\t\t\t\t<\/li>\n\t\t\t\t\t\t\t\t<li class=\"elementor-icon-list-item\">\n\t\t\t\t\t\t\t\t\t\t\t<span class=\"elementor-icon-list-icon\">\n\t\t\t\t\t\t\t<i aria-hidden=\"true\" class=\"fas fa-map-marker-alt\"><\/i>\t\t\t\t\t\t<\/span>\n\t\t\t\t\t\t\t\t\t\t<span class=\"elementor-icon-list-text\">El Rosal - I E Jes\u00fas Mar\u00eda El Rosal Cra. 72 #95-20, Castilla<\/span>\n\t\t\t\t\t\t\t\t\t<\/li>\n\t\t\t\t\t\t\t\t<li class=\"elementor-icon-list-item\">\n\t\t\t\t\t\t\t\t\t\t\t<span class=\"elementor-icon-list-icon\">\n\t\t\t\t\t\t\t<i aria-hidden=\"true\" class=\"fas fa-map-marker-alt\"><\/i>\t\t\t\t\t\t<\/span>\n\t\t\t\t\t\t\t\t\t\t<span class=\"elementor-icon-list-text\">Meraki - I E Santo \u00c1ngel Cl. 2 Sur #53-140<\/span>\n\t\t\t\t\t\t\t\t\t<\/li>\n\t\t\t\t\t\t\t\t<li class=\"elementor-icon-list-item\">\n\t\t\t\t\t\t\t\t\t\t\t<span class=\"elementor-icon-list-icon\">\n\t\t\t\t\t\t\t<i aria-hidden=\"true\" class=\"fas fa-map-marker-alt\"><\/i>\t\t\t\t\t\t<\/span>\n\t\t\t\t\t\t\t\t\t\t<span class=\"elementor-icon-list-text\">Amalgama - I E Santo \u00c1ngel Cl. 2 Sur #53-141<\/span>\n\t\t\t\t\t\t\t\t\t<\/li>\n\t\t\t\t\t\t\t\t<li class=\"elementor-icon-list-item\">\n\t\t\t\t\t\t\t\t\t\t\t<span class=\"elementor-icon-list-icon\">\n\t\t\t\t\t\t\t<i aria-hidden=\"true\" class=\"fas fa-map-marker-alt\"><\/i>\t\t\t\t\t\t<\/span>\n\t\t\t\t\t\t\t\t\t\t<span class=\"elementor-icon-list-text\">Neuma Semillero - IE Santa Teresa Cra. 52 #109a-18, La Francia, Medell\u00edn, Santa Cruz<\/span>\n\t\t\t\t\t\t\t\t\t<\/li>\n\t\t\t\t\t\t\t\t<li class=\"elementor-icon-list-item\">\n\t\t\t\t\t\t\t\t\t\t\t<span class=\"elementor-icon-list-icon\">\n\t\t\t\t\t\t\t<i aria-hidden=\"true\" class=\"fas fa-map-marker-alt\"><\/i>\t\t\t\t\t\t<\/span>\n\t\t\t\t\t\t\t\t\t\t<span class=\"elementor-icon-list-text\">Neuma  - IE Santa Teresa Cra. 52 #109a-18, La Francia, Medell\u00edn, Santa Cruz<\/span>\n\t\t\t\t\t\t\t\t\t<\/li>\n\t\t\t\t\t\t\t\t<li class=\"elementor-icon-list-item\">\n\t\t\t\t\t\t\t\t\t\t\t<span class=\"elementor-icon-list-icon\">\n\t\t\t\t\t\t\t<i aria-hidden=\"true\" class=\"fas fa-map-marker-alt\"><\/i>\t\t\t\t\t\t<\/span>\n\t\t\t\t\t\t\t\t\t\t<span class=\"elementor-icon-list-text\">IE Rep\u00fablica de Honduras  Cra. 50B #97a-30, Santa Cruz, Medell\u00edn, Santa Cruz<\/span>\n\t\t\t\t\t\t\t\t\t<\/li>\n\t\t\t\t\t\t<\/ul>\n\t\t\t\t\t\t<\/div>\n\t\t\t\t<\/div>\n\t\t\t\t<div class=\"elementor-element elementor-element-150aa23 elementor-align-start elementor-hidden-desktop elementor-hidden-tablet elementor-hidden-mobile elementor-icon-list--layout-traditional elementor-list-item-link-full_width elementor-widget elementor-widget-icon-list\" data-id=\"150aa23\" data-element_type=\"widget\" data-e-type=\"widget\" data-widget_type=\"icon-list.default\">\n\t\t\t\t<div class=\"elementor-widget-container\">\n\t\t\t\t\t\t\t<ul class=\"elementor-icon-list-items\">\n\t\t\t\t\t\t\t<li class=\"elementor-icon-list-item\">\n\t\t\t\t\t\t\t\t\t\t\t<span class=\"elementor-icon-list-icon\">\n\t\t\t\t\t\t\t<i aria-hidden=\"true\" class=\"fas fa-map-marker-alt\"><\/i>\t\t\t\t\t\t<\/span>\n\t\t\t\t\t\t\t\t\t\t<span class=\"elementor-icon-list-text\">Sec Esc Jos\u00e9 Manuel Mora V\u00e1squez - Cra. 42 A #75 - 09 Barrio Manrique<\/span>\n\t\t\t\t\t\t\t\t\t<\/li>\n\t\t\t\t\t\t\t\t<li class=\"elementor-icon-list-item\">\n\t\t\t\t\t\t\t\t\t\t\t<span class=\"elementor-icon-list-icon\">\n\t\t\t\t\t\t\t<i aria-hidden=\"true\" class=\"fas fa-map-marker-alt\"><\/i>\t\t\t\t\t\t<\/span>\n\t\t\t\t\t\t\t\t\t\t<span class=\"elementor-icon-list-text\">IE San Jose - Cll. 35 # 38- 99 Barrio San Jos\u00e9 Itagui<\/span>\n\t\t\t\t\t\t\t\t\t<\/li>\n\t\t\t\t\t\t\t\t<li class=\"elementor-icon-list-item\">\n\t\t\t\t\t\t\t\t\t\t\t<span class=\"elementor-icon-list-icon\">\n\t\t\t\t\t\t\t<i aria-hidden=\"true\" class=\"fas fa-map-marker-alt\"><\/i>\t\t\t\t\t\t<\/span>\n\t\t\t\t\t\t\t\t\t\t<span class=\"elementor-icon-list-text\">IE Santa Teresa - Cra.52 #109A - 18 Barrio Andaluc\u00eda la Francia<\/span>\n\t\t\t\t\t\t\t\t\t<\/li>\n\t\t\t\t\t\t\t\t<li class=\"elementor-icon-list-item\">\n\t\t\t\t\t\t\t\t\t\t\t<span class=\"elementor-icon-list-icon\">\n\t\t\t\t\t\t\t<i aria-hidden=\"true\" class=\"fas fa-map-marker-alt\"><\/i>\t\t\t\t\t\t<\/span>\n\t\t\t\t\t\t\t\t\t\t<span class=\"elementor-icon-list-text\">IE Santo Angel - Cll. 2 Sur # 53- 140 Barrio Guayabal el Rodeo<\/span>\n\t\t\t\t\t\t\t\t\t<\/li>\n\t\t\t\t\t\t\t\t<li class=\"elementor-icon-list-item\">\n\t\t\t\t\t\t\t\t\t\t\t<span class=\"elementor-icon-list-icon\">\n\t\t\t\t\t\t\t<i aria-hidden=\"true\" class=\"fas fa-map-marker-alt\"><\/i>\t\t\t\t\t\t<\/span>\n\t\t\t\t\t\t\t\t\t\t<span class=\"elementor-icon-list-text\">Guayabal Juvenil - Cll. 2 sur # 53- 140 Barrio Guayabal el Rodeo <\/span>\n\t\t\t\t\t\t\t\t\t<\/li>\n\t\t\t\t\t\t\t\t<li class=\"elementor-icon-list-item\">\n\t\t\t\t\t\t\t\t\t\t\t<span class=\"elementor-icon-list-icon\">\n\t\t\t\t\t\t\t<i aria-hidden=\"true\" class=\"fas fa-map-marker-alt\"><\/i>\t\t\t\t\t\t<\/span>\n\t\t\t\t\t\t\t\t\t\t<span class=\"elementor-icon-list-text\">Madre Mar\u00eda Mazarello - infantil- Cll. 48# 33-62, Barrio Buenos Aires<\/span>\n\t\t\t\t\t\t\t\t\t<\/li>\n\t\t\t\t\t\t\t\t<li class=\"elementor-icon-list-item\">\n\t\t\t\t\t\t\t\t\t\t\t<span class=\"elementor-icon-list-icon\">\n\t\t\t\t\t\t\t<i aria-hidden=\"true\" class=\"fas fa-map-marker-alt\"><\/i>\t\t\t\t\t\t<\/span>\n\t\t\t\t\t\t\t\t\t\t<span class=\"elementor-icon-list-text\">Madre Mar\u00eda Mazarello Juvenil, Cll. 48 #33-62, Barrio Buenos Aires<\/span>\n\t\t\t\t\t\t\t\t\t<\/li>\n\t\t\t\t\t\t\t\t<li class=\"elementor-icon-list-item\">\n\t\t\t\t\t\t\t\t\t\t\t<span class=\"elementor-icon-list-icon\">\n\t\t\t\t\t\t\t<i aria-hidden=\"true\" class=\"fas fa-map-marker-alt\"><\/i>\t\t\t\t\t\t<\/span>\n\t\t\t\t\t\t\t\t\t\t<span class=\"elementor-icon-list-text\">IE La Presentaci\u00f3n Cl. 7 #56-8, Medell\u00edn, Guayabal<\/span>\n\t\t\t\t\t\t\t\t\t<\/li>\n\t\t\t\t\t\t\t\t<li class=\"elementor-icon-list-item\">\n\t\t\t\t\t\t\t\t\t\t\t<span class=\"elementor-icon-list-icon\">\n\t\t\t\t\t\t\t<i aria-hidden=\"true\" class=\"fas fa-map-marker-alt\"><\/i>\t\t\t\t\t\t<\/span>\n\t\t\t\t\t\t\t\t\t\t<span class=\"elementor-icon-list-text\">Parque Biblioteca La Ladera, Coro Los Ni\u00f1os del Agua. Calle 59A #36-30<\/span>\n\t\t\t\t\t\t\t\t\t<\/li>\n\t\t\t\t\t\t\t\t<li class=\"elementor-icon-list-item\">\n\t\t\t\t\t\t\t\t\t\t\t<span class=\"elementor-icon-list-icon\">\n\t\t\t\t\t\t\t<i aria-hidden=\"true\" class=\"fas fa-map-marker-alt\"><\/i>\t\t\t\t\t\t<\/span>\n\t\t\t\t\t\t\t\t\t\t<span class=\"elementor-icon-list-text\">Secci\u00f3n Escuela Jos\u00e9 de San Martin Cl. 39 #3821 barrio El Salvador<\/span>\n\t\t\t\t\t\t\t\t\t<\/li>\n\t\t\t\t\t\t\t\t<li class=\"elementor-icon-list-item\">\n\t\t\t\t\t\t\t\t\t\t\t<span class=\"elementor-icon-list-icon\">\n\t\t\t\t\t\t\t<i aria-hidden=\"true\" class=\"fas fa-map-marker-alt\"><\/i>\t\t\t\t\t\t<\/span>\n\t\t\t\t\t\t\t\t\t\t<span class=\"elementor-icon-list-text\">Biblioteca San Javier, coros infantil y juvenil<\/span>\n\t\t\t\t\t\t\t\t\t<\/li>\n\t\t\t\t\t\t<\/ul>\n\t\t\t\t\t\t<\/div>\n\t\t\t\t<\/div>\n\t\t\t\t<section class=\"elementor-section elementor-inner-section elementor-element elementor-element-697ba9fd elementor-section-boxed elementor-section-height-default elementor-section-height-default wpr-particle-no wpr-jarallax-no wpr-parallax-no wpr-sticky-section-no\" data-id=\"697ba9fd\" data-element_type=\"section\" data-e-type=\"section\">\n\t\t\t\t\t\t<div class=\"elementor-container elementor-column-gap-default\">\n\t\t\t\t\t<div class=\"elementor-column elementor-col-100 elementor-inner-column elementor-element elementor-element-6c97eea8\" data-id=\"6c97eea8\" data-element_type=\"column\" data-e-type=\"column\">\n\t\t\t<div class=\"elementor-widget-wrap\">\n\t\t\t\t\t\t\t<\/div>\n\t\t<\/div>\n\t\t\t\t\t<\/div>\n\t\t<\/section>\n\t\t\t\t\t<\/div>\n\t\t<\/div>\n\t\t\t\t\t<\/div>\n\t\t<\/section>\n\t\t\t\t<\/div>\n\t\t","protected":false},"excerpt":{"rendered":"<p>Nuestras Sedes Chiquicoro &#8211; IE EL SAlvador seccion Jose De san martin Cra. 38 #39-39 Ni\u00f1os del agua &#8211; Parque biblioteca la Ladera Cl 59A #3630 Villa hermosa Cantamas &#8211; Ie la presentacion Cl. 7 #56-8, Guayabal Avanti &#8211; Parque Biblioteca San Javier Cl. 42C #95 &#8211; 50 Kawana infantil- Madre Maria mazarello Calle 48 # 33-61 Kawana Juvenil &#8211; Madre Maria mazarello Calle 48 # 33-62 Colibr\u00ed &#8211; Uva de la alegr\u00eda I.E Mora V\u00e1squez Cra. 41 #78 &#8211; 106, Campo Valdes II Kianga &#8211; I.E Alcald\u00eda de Medell\u00edn Cl. 2b #79-80x, Bel\u00e9n El Rosal &#8211; I E Jes\u00fas Mar\u00eda El Rosal Cra. 72 #95-20, Castilla Meraki &#8211; I E Santo \u00c1ngel Cl. 2 Sur #53-140 Amalgama &#8211; I E Santo \u00c1ngel Cl. 2 Sur #53-141 Neuma Semillero &#8211; IE Santa Teresa Cra. 52 #109a-18, La Francia, Medell\u00edn, Santa Cruz Neuma &#8211; IE Santa Teresa Cra. 52 #109a-18, La Francia, Medell\u00edn, Santa Cruz IE Rep\u00fablica de Honduras Cra. 50B #97a-30, Santa Cruz, Medell\u00edn, Santa Cruz Sec Esc Jos\u00e9 Manuel Mora V\u00e1squez &#8211; Cra. 42 A #75 &#8211; 09 Barrio Manrique IE San Jose &#8211; Cll. 35 # 38- 99 Barrio San Jos\u00e9 Itagui IE Santa Teresa &#8211; Cra.52 #109A &#8211; 18 Barrio Andaluc\u00eda la Francia IE Santo Angel &#8211; Cll. 2 Sur # 53- 140 Barrio Guayabal el Rodeo Guayabal Juvenil &#8211; Cll. 2 sur # 53- 140 Barrio Guayabal el Rodeo Madre Mar\u00eda Mazarello &#8211; infantil- Cll. 48# 33-62, Barrio Buenos Aires Madre Mar\u00eda Mazarello Juvenil, Cll. 48 #33-62, Barrio Buenos Aires IE La Presentaci\u00f3n Cl. 7 #56-8, Medell\u00edn, Guayabal Parque Biblioteca La Ladera, Coro Los Ni\u00f1os del Agua. Calle 59A #36-30 Secci\u00f3n Escuela Jos\u00e9 de San Martin Cl. 39 #3821 barrio El Salvador Biblioteca San Javier, coros infantil y juvenil<\/p>\n","protected":false},"author":1,"featured_media":0,"parent":0,"menu_order":0,"comment_status":"closed","ping_status":"open","template":"","meta":{"footnotes":""},"class_list":["post-6169","page","type-page","status-publish","hentry"],"yoast_head":"<!-- This site is optimized with the Yoast SEO plugin v27.3 - https:\/\/yoast.com\/product\/yoast-seo-wordpress\/ -->\n<title>Nuestras Sedes - Fundaci\u00f3n Sirenaica<\/title>\n<meta name=\"robots\" content=\"index, follow, max-snippet:-1, max-image-preview:large, max-video-preview:-1\" \/>\n<link rel=\"canonical\" href=\"https:\/\/fundacionsirenaica.org\/home\/nuestrassedes\/\" \/>\n<meta property=\"og:locale\" content=\"es_ES\" \/>\n<meta property=\"og:type\" content=\"article\" \/>\n<meta property=\"og:title\" content=\"Nuestras Sedes - Fundaci\u00f3n Sirenaica\" \/>\n<meta property=\"og:description\" content=\"Nuestras Sedes Chiquicoro &#8211; IE EL SAlvador seccion Jose De san martin Cra. 38 #39-39 Ni\u00f1os del agua &#8211; Parque biblioteca la Ladera Cl 59A #3630 Villa hermosa Cantamas &#8211; Ie la presentacion Cl. 7 #56-8, Guayabal Avanti &#8211; Parque Biblioteca San Javier Cl. 42C #95 &#8211; 50 Kawana infantil- Madre Maria mazarello Calle 48 # 33-61 Kawana Juvenil &#8211; Madre Maria mazarello Calle 48 # 33-62 Colibr\u00ed &#8211; Uva de la alegr\u00eda I.E Mora V\u00e1squez Cra. 41 #78 &#8211; 106, Campo Valdes II Kianga &#8211; I.E Alcald\u00eda de Medell\u00edn Cl. 2b #79-80x, Bel\u00e9n El Rosal &#8211; I E Jes\u00fas Mar\u00eda El Rosal Cra. 72 #95-20, Castilla Meraki &#8211; I E Santo \u00c1ngel Cl. 2 Sur #53-140 Amalgama &#8211; I E Santo \u00c1ngel Cl. 2 Sur #53-141 Neuma Semillero &#8211; IE Santa Teresa Cra. 52 #109a-18, La Francia, Medell\u00edn, Santa Cruz Neuma &#8211; IE Santa Teresa Cra. 52 #109a-18, La Francia, Medell\u00edn, Santa Cruz IE Rep\u00fablica de Honduras Cra. 50B #97a-30, Santa Cruz, Medell\u00edn, Santa Cruz Sec Esc Jos\u00e9 Manuel Mora V\u00e1squez &#8211; Cra. 42 A #75 &#8211; 09 Barrio Manrique IE San Jose &#8211; Cll. 35 # 38- 99 Barrio San Jos\u00e9 Itagui IE Santa Teresa &#8211; Cra.52 #109A &#8211; 18 Barrio Andaluc\u00eda la Francia IE Santo Angel &#8211; Cll. 2 Sur # 53- 140 Barrio Guayabal el Rodeo Guayabal Juvenil &#8211; Cll. 2 sur # 53- 140 Barrio Guayabal el Rodeo Madre Mar\u00eda Mazarello &#8211; infantil- Cll. 48# 33-62, Barrio Buenos Aires Madre Mar\u00eda Mazarello Juvenil, Cll. 48 #33-62, Barrio Buenos Aires IE La Presentaci\u00f3n Cl. 7 #56-8, Medell\u00edn, Guayabal Parque Biblioteca La Ladera, Coro Los Ni\u00f1os del Agua. Calle 59A #36-30 Secci\u00f3n Escuela Jos\u00e9 de San Martin Cl. 39 #3821 barrio El Salvador Biblioteca San Javier, coros infantil y juvenil\" \/>\n<meta property=\"og:url\" content=\"https:\/\/fundacionsirenaica.org\/home\/nuestrassedes\/\" \/>\n<meta property=\"og:site_name\" content=\"Fundaci\u00f3n Sirenaica\" \/>\n<meta property=\"article:modified_time\" content=\"2025-08-14T13:54:13+00:00\" \/>\n<meta name=\"twitter:card\" content=\"summary_large_image\" \/>\n<meta name=\"twitter:label1\" content=\"Tiempo de lectura\" \/>\n\t<meta name=\"twitter:data1\" content=\"2 minutos\" \/>\n<script type=\"application\/ld+json\" class=\"yoast-schema-graph\">{\"@context\":\"https:\\\/\\\/schema.org\",\"@graph\":[{\"@type\":\"WebPage\",\"@id\":\"https:\\\/\\\/fundacionsirenaica.org\\\/home\\\/nuestrassedes\\\/\",\"url\":\"https:\\\/\\\/fundacionsirenaica.org\\\/home\\\/nuestrassedes\\\/\",\"name\":\"Nuestras Sedes - Fundaci\u00f3n Sirenaica\",\"isPartOf\":{\"@id\":\"https:\\\/\\\/fundacionsirenaica.org\\\/home\\\/#website\"},\"datePublished\":\"2016-05-07T02:53:10+00:00\",\"dateModified\":\"2025-08-14T13:54:13+00:00\",\"breadcrumb\":{\"@id\":\"https:\\\/\\\/fundacionsirenaica.org\\\/home\\\/nuestrassedes\\\/#breadcrumb\"},\"inLanguage\":\"es\",\"potentialAction\":[{\"@type\":\"ReadAction\",\"target\":[\"https:\\\/\\\/fundacionsirenaica.org\\\/home\\\/nuestrassedes\\\/\"]}]},{\"@type\":\"BreadcrumbList\",\"@id\":\"https:\\\/\\\/fundacionsirenaica.org\\\/home\\\/nuestrassedes\\\/#breadcrumb\",\"itemListElement\":[{\"@type\":\"ListItem\",\"position\":1,\"name\":\"Portada\",\"item\":\"https:\\\/\\\/fundacionsirenaica.org\\\/home\\\/\"},{\"@type\":\"ListItem\",\"position\":2,\"name\":\"Nuestras Sedes\"}]},{\"@type\":\"WebSite\",\"@id\":\"https:\\\/\\\/fundacionsirenaica.org\\\/home\\\/#website\",\"url\":\"https:\\\/\\\/fundacionsirenaica.org\\\/home\\\/\",\"name\":\"Fundaci\u00f3n Sirenaica\",\"description\":\"\",\"publisher\":{\"@id\":\"https:\\\/\\\/fundacionsirenaica.org\\\/home\\\/#organization\"},\"potentialAction\":[{\"@type\":\"SearchAction\",\"target\":{\"@type\":\"EntryPoint\",\"urlTemplate\":\"https:\\\/\\\/fundacionsirenaica.org\\\/home\\\/?s={search_term_string}\"},\"query-input\":{\"@type\":\"PropertyValueSpecification\",\"valueRequired\":true,\"valueName\":\"search_term_string\"}}],\"inLanguage\":\"es\"},{\"@type\":\"Organization\",\"@id\":\"https:\\\/\\\/fundacionsirenaica.org\\\/home\\\/#organization\",\"name\":\"Fundaci\u00f3n Sirenaica\",\"url\":\"https:\\\/\\\/fundacionsirenaica.org\\\/home\\\/\",\"logo\":{\"@type\":\"ImageObject\",\"inLanguage\":\"es\",\"@id\":\"https:\\\/\\\/fundacionsirenaica.org\\\/home\\\/#\\\/schema\\\/logo\\\/image\\\/\",\"url\":\"https:\\\/\\\/fundacionsirenaica.org\\\/home\\\/wp-content\\\/uploads\\\/2024\\\/08\\\/Logo-Sireniaca-Nuevo.webp\",\"contentUrl\":\"https:\\\/\\\/fundacionsirenaica.org\\\/home\\\/wp-content\\\/uploads\\\/2024\\\/08\\\/Logo-Sireniaca-Nuevo.webp\",\"width\":800,\"height\":309,\"caption\":\"Fundaci\u00f3n Sirenaica\"},\"image\":{\"@id\":\"https:\\\/\\\/fundacionsirenaica.org\\\/home\\\/#\\\/schema\\\/logo\\\/image\\\/\"}}]}<\/script>\n<!-- \/ Yoast SEO plugin. -->","yoast_head_json":{"title":"Nuestras Sedes - Fundaci\u00f3n Sirenaica","robots":{"index":"index","follow":"follow","max-snippet":"max-snippet:-1","max-image-preview":"max-image-preview:large","max-video-preview":"max-video-preview:-1"},"canonical":"https:\/\/fundacionsirenaica.org\/home\/nuestrassedes\/","og_locale":"es_ES","og_type":"article","og_title":"Nuestras Sedes - Fundaci\u00f3n Sirenaica","og_description":"Nuestras Sedes Chiquicoro &#8211; IE EL SAlvador seccion Jose De san martin Cra. 38 #39-39 Ni\u00f1os del agua &#8211; Parque biblioteca la Ladera Cl 59A #3630 Villa hermosa Cantamas &#8211; Ie la presentacion Cl. 7 #56-8, Guayabal Avanti &#8211; Parque Biblioteca San Javier Cl. 42C #95 &#8211; 50 Kawana infantil- Madre Maria mazarello Calle 48 # 33-61 Kawana Juvenil &#8211; Madre Maria mazarello Calle 48 # 33-62 Colibr\u00ed &#8211; Uva de la alegr\u00eda I.E Mora V\u00e1squez Cra. 41 #78 &#8211; 106, Campo Valdes II Kianga &#8211; I.E Alcald\u00eda de Medell\u00edn Cl. 2b #79-80x, Bel\u00e9n El Rosal &#8211; I E Jes\u00fas Mar\u00eda El Rosal Cra. 72 #95-20, Castilla Meraki &#8211; I E Santo \u00c1ngel Cl. 2 Sur #53-140 Amalgama &#8211; I E Santo \u00c1ngel Cl. 2 Sur #53-141 Neuma Semillero &#8211; IE Santa Teresa Cra. 52 #109a-18, La Francia, Medell\u00edn, Santa Cruz Neuma &#8211; IE Santa Teresa Cra. 52 #109a-18, La Francia, Medell\u00edn, Santa Cruz IE Rep\u00fablica de Honduras Cra. 50B #97a-30, Santa Cruz, Medell\u00edn, Santa Cruz Sec Esc Jos\u00e9 Manuel Mora V\u00e1squez &#8211; Cra. 42 A #75 &#8211; 09 Barrio Manrique IE San Jose &#8211; Cll. 35 # 38- 99 Barrio San Jos\u00e9 Itagui IE Santa Teresa &#8211; Cra.52 #109A &#8211; 18 Barrio Andaluc\u00eda la Francia IE Santo Angel &#8211; Cll. 2 Sur # 53- 140 Barrio Guayabal el Rodeo Guayabal Juvenil &#8211; Cll. 2 sur # 53- 140 Barrio Guayabal el Rodeo Madre Mar\u00eda Mazarello &#8211; infantil- Cll. 48# 33-62, Barrio Buenos Aires Madre Mar\u00eda Mazarello Juvenil, Cll. 48 #33-62, Barrio Buenos Aires IE La Presentaci\u00f3n Cl. 7 #56-8, Medell\u00edn, Guayabal Parque Biblioteca La Ladera, Coro Los Ni\u00f1os del Agua. Calle 59A #36-30 Secci\u00f3n Escuela Jos\u00e9 de San Martin Cl. 39 #3821 barrio El Salvador Biblioteca San Javier, coros infantil y juvenil","og_url":"https:\/\/fundacionsirenaica.org\/home\/nuestrassedes\/","og_site_name":"Fundaci\u00f3n Sirenaica","article_modified_time":"2025-08-14T13:54:13+00:00","twitter_card":"summary_large_image","twitter_misc":{"Tiempo de lectura":"2 minutos"},"schema":{"@context":"https:\/\/schema.org","@graph":[{"@type":"WebPage","@id":"https:\/\/fundacionsirenaica.org\/home\/nuestrassedes\/","url":"https:\/\/fundacionsirenaica.org\/home\/nuestrassedes\/","name":"Nuestras Sedes - Fundaci\u00f3n Sirenaica","isPartOf":{"@id":"https:\/\/fundacionsirenaica.org\/home\/#website"},"datePublished":"2016-05-07T02:53:10+00:00","dateModified":"2025-08-14T13:54:13+00:00","breadcrumb":{"@id":"https:\/\/fundacionsirenaica.org\/home\/nuestrassedes\/#breadcrumb"},"inLanguage":"es","potentialAction":[{"@type":"ReadAction","target":["https:\/\/fundacionsirenaica.org\/home\/nuestrassedes\/"]}]},{"@type":"BreadcrumbList","@id":"https:\/\/fundacionsirenaica.org\/home\/nuestrassedes\/#breadcrumb","itemListElement":[{"@type":"ListItem","position":1,"name":"Portada","item":"https:\/\/fundacionsirenaica.org\/home\/"},{"@type":"ListItem","position":2,"name":"Nuestras Sedes"}]},{"@type":"WebSite","@id":"https:\/\/fundacionsirenaica.org\/home\/#website","url":"https:\/\/fundacionsirenaica.org\/home\/","name":"Fundaci\u00f3n Sirenaica","description":"","publisher":{"@id":"https:\/\/fundacionsirenaica.org\/home\/#organization"},"potentialAction":[{"@type":"SearchAction","target":{"@type":"EntryPoint","urlTemplate":"https:\/\/fundacionsirenaica.org\/home\/?s={search_term_string}"},"query-input":{"@type":"PropertyValueSpecification","valueRequired":true,"valueName":"search_term_string"}}],"inLanguage":"es"},{"@type":"Organization","@id":"https:\/\/fundacionsirenaica.org\/home\/#organization","name":"Fundaci\u00f3n Sirenaica","url":"https:\/\/fundacionsirenaica.org\/home\/","logo":{"@type":"ImageObject","inLanguage":"es","@id":"https:\/\/fundacionsirenaica.org\/home\/#\/schema\/logo\/image\/","url":"https:\/\/fundacionsirenaica.org\/home\/wp-content\/uploads\/2024\/08\/Logo-Sireniaca-Nuevo.webp","contentUrl":"https:\/\/fundacionsirenaica.org\/home\/wp-content\/uploads\/2024\/08\/Logo-Sireniaca-Nuevo.webp","width":800,"height":309,"caption":"Fundaci\u00f3n Sirenaica"},"image":{"@id":"https:\/\/fundacionsirenaica.org\/home\/#\/schema\/logo\/image\/"}}]}},"_links":{"self":[{"href":"https:\/\/fundacionsirenaica.org\/home\/wp-json\/wp\/v2\/pages\/6169","targetHints":{"allow":["GET"]}}],"collection":[{"href":"https:\/\/fundacionsirenaica.org\/home\/wp-json\/wp\/v2\/pages"}],"about":[{"href":"https:\/\/fundacionsirenaica.org\/home\/wp-json\/wp\/v2\/types\/page"}],"author":[{"embeddable":true,"href":"https:\/\/fundacionsirenaica.org\/home\/wp-json\/wp\/v2\/users\/1"}],"replies":[{"embeddable":true,"href":"https:\/\/fundacionsirenaica.org\/home\/wp-json\/wp\/v2\/comments?post=6169"}],"version-history":[{"count":36,"href":"https:\/\/fundacionsirenaica.org\/home\/wp-json\/wp\/v2\/pages\/6169\/revisions"}],"predecessor-version":[{"id":11551,"href":"https:\/\/fundacionsirenaica.org\/home\/wp-json\/wp\/v2\/pages\/6169\/revisions\/11551"}],"wp:attachment":[{"href":"https:\/\/fundacionsirenaica.org\/home\/wp-json\/wp\/v2\/media?parent=6169"}],"curies":[{"name":"wp","href":"https:\/\/api.w.org\/{rel}","templated":true}]}}